{"id":374,"date":"2025-10-15T06:52:31","date_gmt":"2025-10-15T06:52:31","guid":{"rendered":"https:\/\/tresorsdanna.com\/?post_type=product&#038;p=374"},"modified":"2025-11-14T15:12:53","modified_gmt":"2025-11-14T15:12:53","slug":"baskets-okaidi-rose-21","status":"publish","type":"product","link":"https:\/\/tresorsdanna.com\/index.php\/produit\/baskets-okaidi-rose-21\/","title":{"rendered":"Baskets Obaibi rose ( 21 )"},"content":{"rendered":"<p>Baskets roses avec lacets . Zip lat\u00e9ral et scratch pour faciliter l&rsquo;enfilage. Souples et confortables.\u00a0 Tr\u00e8s l\u00e9g\u00e8res . Parfaites pour premi\u00e8re baskets.<\/p>\n","protected":false},"excerpt":{"rendered":"<p>Baskets l\u00e9g\u00e8res Obaibi\u00a0 roses et blanches . Lacets, scratch et zip sur le cot\u00e9 pour enfilage facile. Pointure 21.<\/p>\n","protected":false},"featured_media":378,"comment_status":"open","ping_status":"closed","template":"","meta":[],"product_brand":[],"product_cat":[17],"product_tag":[],"class_list":{"0":"post-374","1":"product","2":"type-product","3":"status-publish","4":"has-post-thumbnail","6":"product_cat-chaussures-enfants","8":"first","9":"instock","10":"shipping-taxable","11":"purchasable","12":"product-type-simple"},"jetpack_sharing_enabled":true,"_links":{"self":[{"href":"https:\/\/tresorsdanna.com\/index.php\/wp-json\/wp\/v2\/product\/374","targetHints":{"allow":["GET"]}}],"collection":[{"href":"https:\/\/tresorsdanna.com\/index.php\/wp-json\/wp\/v2\/product"}],"about":[{"href":"https:\/\/tresorsdanna.com\/index.php\/wp-json\/wp\/v2\/types\/product"}],"replies":[{"embeddable":true,"href":"https:\/\/tresorsdanna.com\/index.php\/wp-json\/wp\/v2\/comments?post=374"}],"wp:featuredmedia":[{"embeddable":true,"href":"https:\/\/tresorsdanna.com\/index.php\/wp-json\/wp\/v2\/media\/378"}],"wp:attachment":[{"href":"https:\/\/tresorsdanna.com\/index.php\/wp-json\/wp\/v2\/media?parent=374"}],"wp:term":[{"taxonomy":"product_brand","embeddable":true,"href":"https:\/\/tresorsdanna.com\/index.php\/wp-json\/wp\/v2\/product_brand?post=374"},{"taxonomy":"product_cat","embeddable":true,"href":"https:\/\/tresorsdanna.com\/index.php\/wp-json\/wp\/v2\/product_cat?post=374"},{"taxonomy":"product_tag","embeddable":true,"href":"https:\/\/tresorsdanna.com\/index.php\/wp-json\/wp\/v2\/product_tag?post=374"}],"curies":[{"name":"wp","href":"https:\/\/api.w.org\/{rel}","templated":true}]}}