{"id":337,"date":"2025-10-14T07:26:10","date_gmt":"2025-10-14T07:26:10","guid":{"rendered":"https:\/\/tresorsdanna.com\/?post_type=product&#038;p=337"},"modified":"2025-11-14T15:15:27","modified_gmt":"2025-11-14T15:15:27","slug":"baskets-bleu-marine-20","status":"publish","type":"product","link":"https:\/\/tresorsdanna.com\/index.php\/produit\/baskets-bleu-marine-20\/","title":{"rendered":"Baskets bleu marine Obaibi 20"},"content":{"rendered":"<p>Baskets bleu marine , double scratch pour un bon\u00a0 maintien. Tr\u00e8s souples et confortables. Parfaite pour la premi\u00e8re basket de b\u00e9b\u00e9.<\/p>\n","protected":false},"excerpt":{"rendered":"<p>Baskets bleu marine Obaibi. Ddouble scratch pratique pour enfiler. 20<\/p>\n","protected":false},"featured_media":338,"comment_status":"open","ping_status":"closed","template":"","meta":[],"product_brand":[],"product_cat":[17],"product_tag":[],"class_list":{"0":"post-337","1":"product","2":"type-product","3":"status-publish","4":"has-post-thumbnail","6":"product_cat-chaussures-enfants","8":"first","9":"instock","10":"shipping-taxable","11":"purchasable","12":"product-type-simple"},"jetpack_sharing_enabled":true,"_links":{"self":[{"href":"https:\/\/tresorsdanna.com\/index.php\/wp-json\/wp\/v2\/product\/337","targetHints":{"allow":["GET"]}}],"collection":[{"href":"https:\/\/tresorsdanna.com\/index.php\/wp-json\/wp\/v2\/product"}],"about":[{"href":"https:\/\/tresorsdanna.com\/index.php\/wp-json\/wp\/v2\/types\/product"}],"replies":[{"embeddable":true,"href":"https:\/\/tresorsdanna.com\/index.php\/wp-json\/wp\/v2\/comments?post=337"}],"wp:featuredmedia":[{"embeddable":true,"href":"https:\/\/tresorsdanna.com\/index.php\/wp-json\/wp\/v2\/media\/338"}],"wp:attachment":[{"href":"https:\/\/tresorsdanna.com\/index.php\/wp-json\/wp\/v2\/media?parent=337"}],"wp:term":[{"taxonomy":"product_brand","embeddable":true,"href":"https:\/\/tresorsdanna.com\/index.php\/wp-json\/wp\/v2\/product_brand?post=337"},{"taxonomy":"product_cat","embeddable":true,"href":"https:\/\/tresorsdanna.com\/index.php\/wp-json\/wp\/v2\/product_cat?post=337"},{"taxonomy":"product_tag","embeddable":true,"href":"https:\/\/tresorsdanna.com\/index.php\/wp-json\/wp\/v2\/product_tag?post=337"}],"curies":[{"name":"wp","href":"https:\/\/api.w.org\/{rel}","templated":true}]}}