{"id":310,"date":"2025-10-13T18:53:00","date_gmt":"2025-10-13T18:53:00","guid":{"rendered":"https:\/\/tresorsdanna.com\/?post_type=product&#038;p=310"},"modified":"2025-10-13T19:53:49","modified_gmt":"2025-10-13T19:53:49","slug":"chaussures-montantes-gios-eppo-27","status":"publish","type":"product","link":"https:\/\/tresorsdanna.com\/index.php\/produit\/chaussures-montantes-gios-eppo-27\/","title":{"rendered":"Chaussures Montantes GIOS EPPO 27"},"content":{"rendered":"","protected":false},"excerpt":{"rendered":"<p>Chaussures montantes en cuir synth\u00e9tique sign\u00e9es GIOS EPPO kids. Coloris gris argent\u00e9; int\u00e9rieur rose. Fermeture \u00e0 lacets, scratch et zip pour un enfilage facile.\u00a0 semelle souple en caoutchouc , antid\u00e9rapante et petit insigne sur cot\u00e9.\u00a0 Un look sport chic, fa\u00e7on Pataugas, \u00e0 la fois robuste et confortable. Pointure 27.<\/p>\n","protected":false},"featured_media":311,"comment_status":"open","ping_status":"closed","template":"","meta":[],"product_brand":[],"product_cat":[17],"product_tag":[],"class_list":{"0":"post-310","1":"product","2":"type-product","3":"status-publish","4":"has-post-thumbnail","6":"product_cat-chaussures-enfants","8":"first","9":"instock","10":"shipping-taxable","11":"purchasable","12":"product-type-simple"},"jetpack_sharing_enabled":true,"_links":{"self":[{"href":"https:\/\/tresorsdanna.com\/index.php\/wp-json\/wp\/v2\/product\/310","targetHints":{"allow":["GET"]}}],"collection":[{"href":"https:\/\/tresorsdanna.com\/index.php\/wp-json\/wp\/v2\/product"}],"about":[{"href":"https:\/\/tresorsdanna.com\/index.php\/wp-json\/wp\/v2\/types\/product"}],"replies":[{"embeddable":true,"href":"https:\/\/tresorsdanna.com\/index.php\/wp-json\/wp\/v2\/comments?post=310"}],"wp:featuredmedia":[{"embeddable":true,"href":"https:\/\/tresorsdanna.com\/index.php\/wp-json\/wp\/v2\/media\/311"}],"wp:attachment":[{"href":"https:\/\/tresorsdanna.com\/index.php\/wp-json\/wp\/v2\/media?parent=310"}],"wp:term":[{"taxonomy":"product_brand","embeddable":true,"href":"https:\/\/tresorsdanna.com\/index.php\/wp-json\/wp\/v2\/product_brand?post=310"},{"taxonomy":"product_cat","embeddable":true,"href":"https:\/\/tresorsdanna.com\/index.php\/wp-json\/wp\/v2\/product_cat?post=310"},{"taxonomy":"product_tag","embeddable":true,"href":"https:\/\/tresorsdanna.com\/index.php\/wp-json\/wp\/v2\/product_tag?post=310"}],"curies":[{"name":"wp","href":"https:\/\/api.w.org\/{rel}","templated":true}]}}