{"id":289,"date":"2025-10-13T07:09:26","date_gmt":"2025-10-13T07:09:26","guid":{"rendered":"https:\/\/tresorsdanna.com\/?post_type=product&#038;p=289"},"modified":"2025-10-13T07:20:45","modified_gmt":"2025-10-13T07:20:45","slug":"boots-balducci-cuir-noir-a-strass-23","status":"publish","type":"product","link":"https:\/\/tresorsdanna.com\/index.php\/produit\/boots-balducci-cuir-noir-a-strass-23\/","title":{"rendered":"Boots Balducci cuir noir \u00e0 strass 23"},"content":{"rendered":"","protected":false},"excerpt":{"rendered":"<p>Boots \u00e9l\u00e9gantes en cuir v\u00e9ritable de la marque de qualit\u00e9 italienne Balducci. Coloris noir, avec petits strass sur cot\u00e9. Semelles caoutchouc antid\u00e9rapantes. Un design chic id\u00e9al pour hiver<\/p>\n","protected":false},"featured_media":290,"comment_status":"open","ping_status":"closed","template":"","meta":[],"product_brand":[],"product_cat":[17],"product_tag":[],"class_list":{"0":"post-289","1":"product","2":"type-product","3":"status-publish","4":"has-post-thumbnail","6":"product_cat-chaussures-enfants","8":"first","9":"instock","10":"shipping-taxable","11":"purchasable","12":"product-type-simple"},"jetpack_sharing_enabled":true,"_links":{"self":[{"href":"https:\/\/tresorsdanna.com\/index.php\/wp-json\/wp\/v2\/product\/289","targetHints":{"allow":["GET"]}}],"collection":[{"href":"https:\/\/tresorsdanna.com\/index.php\/wp-json\/wp\/v2\/product"}],"about":[{"href":"https:\/\/tresorsdanna.com\/index.php\/wp-json\/wp\/v2\/types\/product"}],"replies":[{"embeddable":true,"href":"https:\/\/tresorsdanna.com\/index.php\/wp-json\/wp\/v2\/comments?post=289"}],"wp:featuredmedia":[{"embeddable":true,"href":"https:\/\/tresorsdanna.com\/index.php\/wp-json\/wp\/v2\/media\/290"}],"wp:attachment":[{"href":"https:\/\/tresorsdanna.com\/index.php\/wp-json\/wp\/v2\/media?parent=289"}],"wp:term":[{"taxonomy":"product_brand","embeddable":true,"href":"https:\/\/tresorsdanna.com\/index.php\/wp-json\/wp\/v2\/product_brand?post=289"},{"taxonomy":"product_cat","embeddable":true,"href":"https:\/\/tresorsdanna.com\/index.php\/wp-json\/wp\/v2\/product_cat?post=289"},{"taxonomy":"product_tag","embeddable":true,"href":"https:\/\/tresorsdanna.com\/index.php\/wp-json\/wp\/v2\/product_tag?post=289"}],"curies":[{"name":"wp","href":"https:\/\/api.w.org\/{rel}","templated":true}]}}