{"id":286,"date":"2025-10-13T06:12:57","date_gmt":"2025-10-13T06:12:57","guid":{"rendered":"https:\/\/tresorsdanna.com\/?post_type=product&#038;p=286"},"modified":"2025-10-13T07:08:04","modified_gmt":"2025-10-13T07:08:04","slug":"chaussures-bateau-cuir-marron-29","status":"publish","type":"product","link":"https:\/\/tresorsdanna.com\/index.php\/produit\/chaussures-bateau-cuir-marron-29\/","title":{"rendered":"Chaussures Bateau cuir marron 29"},"content":{"rendered":"","protected":false},"excerpt":{"rendered":"<p>Chaussures &lsquo;Bateau&rsquo; en cuir marron. Dessus et semelles int\u00e9rieures cuir v\u00e9ritable. Semelles ext\u00e9rieures antid\u00e9rapantes pour plus de stabilit\u00e9. Style classique et \u00e9l\u00e9gant pour toutes occasions<\/p>\n","protected":false},"featured_media":287,"comment_status":"open","ping_status":"closed","template":"","meta":[],"product_brand":[],"product_cat":[17],"product_tag":[],"class_list":{"0":"post-286","1":"product","2":"type-product","3":"status-publish","4":"has-post-thumbnail","6":"product_cat-chaussures-enfants","8":"first","9":"instock","10":"shipping-taxable","11":"purchasable","12":"product-type-simple"},"jetpack_sharing_enabled":true,"_links":{"self":[{"href":"https:\/\/tresorsdanna.com\/index.php\/wp-json\/wp\/v2\/product\/286","targetHints":{"allow":["GET"]}}],"collection":[{"href":"https:\/\/tresorsdanna.com\/index.php\/wp-json\/wp\/v2\/product"}],"about":[{"href":"https:\/\/tresorsdanna.com\/index.php\/wp-json\/wp\/v2\/types\/product"}],"replies":[{"embeddable":true,"href":"https:\/\/tresorsdanna.com\/index.php\/wp-json\/wp\/v2\/comments?post=286"}],"wp:featuredmedia":[{"embeddable":true,"href":"https:\/\/tresorsdanna.com\/index.php\/wp-json\/wp\/v2\/media\/287"}],"wp:attachment":[{"href":"https:\/\/tresorsdanna.com\/index.php\/wp-json\/wp\/v2\/media?parent=286"}],"wp:term":[{"taxonomy":"product_brand","embeddable":true,"href":"https:\/\/tresorsdanna.com\/index.php\/wp-json\/wp\/v2\/product_brand?post=286"},{"taxonomy":"product_cat","embeddable":true,"href":"https:\/\/tresorsdanna.com\/index.php\/wp-json\/wp\/v2\/product_cat?post=286"},{"taxonomy":"product_tag","embeddable":true,"href":"https:\/\/tresorsdanna.com\/index.php\/wp-json\/wp\/v2\/product_tag?post=286"}],"curies":[{"name":"wp","href":"https:\/\/api.w.org\/{rel}","templated":true}]}}