{"id":266,"date":"2025-10-12T20:08:37","date_gmt":"2025-10-12T20:08:37","guid":{"rendered":"https:\/\/tresorsdanna.com\/?post_type=product&#038;p=266"},"modified":"2025-10-14T19:05:20","modified_gmt":"2025-10-14T19:05:20","slug":"sneakers-marine-okaidi","status":"publish","type":"product","link":"https:\/\/tresorsdanna.com\/index.php\/produit\/sneakers-marine-okaidi\/","title":{"rendered":"Sneakers United Colors of Benetton 27"},"content":{"rendered":"<p>Baskets noires \u00e0 semelle blanche mouchet\u00e9e. Mod\u00e8le extra light pour un grand confort. Look moderne pour porter au quotidien<\/p>\n","protected":false},"excerpt":{"rendered":"<p>Baskets noires. Semelles blanches mouchet\u00e9e. Extra l\u00e9g\u00e8res et tr\u00e9s confortable &#8211; 27<\/p>\n","protected":false},"featured_media":333,"comment_status":"open","ping_status":"closed","template":"","meta":[],"product_brand":[],"product_cat":[17],"product_tag":[],"class_list":{"0":"post-266","1":"product","2":"type-product","3":"status-publish","4":"has-post-thumbnail","6":"product_cat-chaussures-enfants","8":"first","9":"instock","10":"shipping-taxable","11":"purchasable","12":"product-type-simple"},"jetpack_sharing_enabled":true,"_links":{"self":[{"href":"https:\/\/tresorsdanna.com\/index.php\/wp-json\/wp\/v2\/product\/266","targetHints":{"allow":["GET"]}}],"collection":[{"href":"https:\/\/tresorsdanna.com\/index.php\/wp-json\/wp\/v2\/product"}],"about":[{"href":"https:\/\/tresorsdanna.com\/index.php\/wp-json\/wp\/v2\/types\/product"}],"replies":[{"embeddable":true,"href":"https:\/\/tresorsdanna.com\/index.php\/wp-json\/wp\/v2\/comments?post=266"}],"wp:featuredmedia":[{"embeddable":true,"href":"https:\/\/tresorsdanna.com\/index.php\/wp-json\/wp\/v2\/media\/333"}],"wp:attachment":[{"href":"https:\/\/tresorsdanna.com\/index.php\/wp-json\/wp\/v2\/media?parent=266"}],"wp:term":[{"taxonomy":"product_brand","embeddable":true,"href":"https:\/\/tresorsdanna.com\/index.php\/wp-json\/wp\/v2\/product_brand?post=266"},{"taxonomy":"product_cat","embeddable":true,"href":"https:\/\/tresorsdanna.com\/index.php\/wp-json\/wp\/v2\/product_cat?post=266"},{"taxonomy":"product_tag","embeddable":true,"href":"https:\/\/tresorsdanna.com\/index.php\/wp-json\/wp\/v2\/product_tag?post=266"}],"curies":[{"name":"wp","href":"https:\/\/api.w.org\/{rel}","templated":true}]}}