{"id":256,"date":"2025-10-12T19:24:55","date_gmt":"2025-10-12T19:24:55","guid":{"rendered":"https:\/\/tresorsdanna.com\/?post_type=product&#038;p=256"},"modified":"2025-11-21T15:42:57","modified_gmt":"2025-11-21T15:42:57","slug":"chaussures-bebes-cuir-gris-et-bleu","status":"publish","type":"product","link":"https:\/\/tresorsdanna.com\/index.php\/produit\/chaussures-bebes-cuir-gris-et-bleu\/","title":{"rendered":"chaussures b\u00e9b\u00e9s cuir  gris et bleu"},"content":{"rendered":"","protected":false},"excerpt":{"rendered":"<p>Chaussures sp\u00e9ciales premiers pas de b\u00e9b\u00e9s.\u00a0 Dessus et semelles cuir. Semelles gomme. Confortables. Tiennent bien le pieds. Pointure : 19<\/p>\n","protected":false},"featured_media":257,"comment_status":"open","ping_status":"closed","template":"","meta":[],"product_brand":[],"product_cat":[17],"product_tag":[],"class_list":{"0":"post-256","1":"product","2":"type-product","3":"status-publish","4":"has-post-thumbnail","6":"product_cat-chaussures-enfants","8":"first","9":"instock","10":"shipping-taxable","11":"purchasable","12":"product-type-simple"},"jetpack_sharing_enabled":true,"_links":{"self":[{"href":"https:\/\/tresorsdanna.com\/index.php\/wp-json\/wp\/v2\/product\/256","targetHints":{"allow":["GET"]}}],"collection":[{"href":"https:\/\/tresorsdanna.com\/index.php\/wp-json\/wp\/v2\/product"}],"about":[{"href":"https:\/\/tresorsdanna.com\/index.php\/wp-json\/wp\/v2\/types\/product"}],"replies":[{"embeddable":true,"href":"https:\/\/tresorsdanna.com\/index.php\/wp-json\/wp\/v2\/comments?post=256"}],"wp:featuredmedia":[{"embeddable":true,"href":"https:\/\/tresorsdanna.com\/index.php\/wp-json\/wp\/v2\/media\/257"}],"wp:attachment":[{"href":"https:\/\/tresorsdanna.com\/index.php\/wp-json\/wp\/v2\/media?parent=256"}],"wp:term":[{"taxonomy":"product_brand","embeddable":true,"href":"https:\/\/tresorsdanna.com\/index.php\/wp-json\/wp\/v2\/product_brand?post=256"},{"taxonomy":"product_cat","embeddable":true,"href":"https:\/\/tresorsdanna.com\/index.php\/wp-json\/wp\/v2\/product_cat?post=256"},{"taxonomy":"product_tag","embeddable":true,"href":"https:\/\/tresorsdanna.com\/index.php\/wp-json\/wp\/v2\/product_tag?post=256"}],"curies":[{"name":"wp","href":"https:\/\/api.w.org\/{rel}","templated":true}]}}