{"id":165,"date":"2025-10-10T22:09:44","date_gmt":"2025-10-10T22:09:44","guid":{"rendered":"https:\/\/tresorsdanna.com\/?post_type=product&#038;p=165"},"modified":"2025-11-14T15:18:05","modified_gmt":"2025-11-14T15:18:05","slug":"chemise-rayee-rose-et-blanc","status":"publish","type":"product","link":"https:\/\/tresorsdanna.com\/index.php\/produit\/chemise-rayee-rose-et-blanc\/","title":{"rendered":"chemise ray\u00e9\u00e9 rose et blanc"},"content":{"rendered":"<p>Belle chemise \u00e0 rayures\u00a0 roses et blanches en coton. Marque Neck to Neck. Taille 6 \/ 7 ans<\/p>\n","protected":false},"excerpt":{"rendered":"<p>Belle chemise \u00e0 rayures\u00a0 roses et blanches en coton. Marque Neck to Neck. Taille 6 \/ 7 ans<\/p>\n","protected":false},"featured_media":166,"comment_status":"open","ping_status":"closed","template":"","meta":[],"product_brand":[],"product_cat":[27],"product_tag":[],"class_list":{"0":"post-165","1":"product","2":"type-product","3":"status-publish","4":"has-post-thumbnail","6":"product_cat-chemise-garcons","8":"first","9":"instock","10":"shipping-taxable","11":"purchasable","12":"product-type-simple"},"jetpack_sharing_enabled":true,"_links":{"self":[{"href":"https:\/\/tresorsdanna.com\/index.php\/wp-json\/wp\/v2\/product\/165","targetHints":{"allow":["GET"]}}],"collection":[{"href":"https:\/\/tresorsdanna.com\/index.php\/wp-json\/wp\/v2\/product"}],"about":[{"href":"https:\/\/tresorsdanna.com\/index.php\/wp-json\/wp\/v2\/types\/product"}],"replies":[{"embeddable":true,"href":"https:\/\/tresorsdanna.com\/index.php\/wp-json\/wp\/v2\/comments?post=165"}],"wp:featuredmedia":[{"embeddable":true,"href":"https:\/\/tresorsdanna.com\/index.php\/wp-json\/wp\/v2\/media\/166"}],"wp:attachment":[{"href":"https:\/\/tresorsdanna.com\/index.php\/wp-json\/wp\/v2\/media?parent=165"}],"wp:term":[{"taxonomy":"product_brand","embeddable":true,"href":"https:\/\/tresorsdanna.com\/index.php\/wp-json\/wp\/v2\/product_brand?post=165"},{"taxonomy":"product_cat","embeddable":true,"href":"https:\/\/tresorsdanna.com\/index.php\/wp-json\/wp\/v2\/product_cat?post=165"},{"taxonomy":"product_tag","embeddable":true,"href":"https:\/\/tresorsdanna.com\/index.php\/wp-json\/wp\/v2\/product_tag?post=165"}],"curies":[{"name":"wp","href":"https:\/\/api.w.org\/{rel}","templated":true}]}}