{"id":1561,"date":"2025-12-05T15:23:08","date_gmt":"2025-12-05T15:23:08","guid":{"rendered":"https:\/\/tresorsdanna.com\/?post_type=product&#038;p=1561"},"modified":"2025-12-05T15:38:21","modified_gmt":"2025-12-05T15:38:21","slug":"bonnet-little-celebs-bleu-vert-made-in-spain-taille-m-adulte","status":"publish","type":"product","link":"https:\/\/tresorsdanna.com\/index.php\/produit\/bonnet-little-celebs-bleu-vert-made-in-spain-taille-m-adulte\/","title":{"rendered":"Bonnet- Little Celebs- Bleu vert-Made in Spain- Taille M ( adulte)"},"content":{"rendered":"<p>Bonnet classique- chaud et doux- Coloris bleu vert- Mati\u00e8re souple et l\u00e9g\u00e8re- Prot\u00e8ge bien la t\u00eate contre le froid.<\/p>\n<p>Marque: Little Celebs<\/p>\n<p>Composition: 100% acrylique<\/p>\n<p>Taille: M<\/p>\n","protected":false},"excerpt":{"rendered":"<p>Bonnet- Chaud et souple- Coloris bleu-vert- Mati\u00e8re douce, l\u00e9g\u00e8re et chaude- Made in Spain. Taille M ( adulte)<\/p>\n","protected":false},"featured_media":1562,"comment_status":"open","ping_status":"closed","template":"","meta":[],"product_brand":[],"product_cat":[33],"product_tag":[],"class_list":{"0":"post-1561","1":"product","2":"type-product","3":"status-publish","4":"has-post-thumbnail","6":"product_cat-accessoires-hiver","8":"first","9":"instock","10":"shipping-taxable","11":"purchasable","12":"product-type-simple"},"jetpack_sharing_enabled":true,"_links":{"self":[{"href":"https:\/\/tresorsdanna.com\/index.php\/wp-json\/wp\/v2\/product\/1561","targetHints":{"allow":["GET"]}}],"collection":[{"href":"https:\/\/tresorsdanna.com\/index.php\/wp-json\/wp\/v2\/product"}],"about":[{"href":"https:\/\/tresorsdanna.com\/index.php\/wp-json\/wp\/v2\/types\/product"}],"replies":[{"embeddable":true,"href":"https:\/\/tresorsdanna.com\/index.php\/wp-json\/wp\/v2\/comments?post=1561"}],"wp:featuredmedia":[{"embeddable":true,"href":"https:\/\/tresorsdanna.com\/index.php\/wp-json\/wp\/v2\/media\/1562"}],"wp:attachment":[{"href":"https:\/\/tresorsdanna.com\/index.php\/wp-json\/wp\/v2\/media?parent=1561"}],"wp:term":[{"taxonomy":"product_brand","embeddable":true,"href":"https:\/\/tresorsdanna.com\/index.php\/wp-json\/wp\/v2\/product_brand?post=1561"},{"taxonomy":"product_cat","embeddable":true,"href":"https:\/\/tresorsdanna.com\/index.php\/wp-json\/wp\/v2\/product_cat?post=1561"},{"taxonomy":"product_tag","embeddable":true,"href":"https:\/\/tresorsdanna.com\/index.php\/wp-json\/wp\/v2\/product_tag?post=1561"}],"curies":[{"name":"wp","href":"https:\/\/api.w.org\/{rel}","templated":true}]}}