{"id":1559,"date":"2025-12-05T07:40:37","date_gmt":"2025-12-05T07:40:37","guid":{"rendered":"https:\/\/tresorsdanna.com\/?post_type=product&#038;p=1559"},"modified":"2025-12-05T15:09:15","modified_gmt":"2025-12-05T15:09:15","slug":"beret-fille-sergent-major-marine-petit-noeud-taille-2-12-24-mois","status":"publish","type":"product","link":"https:\/\/tresorsdanna.com\/index.php\/produit\/beret-fille-sergent-major-marine-petit-noeud-taille-2-12-24-mois\/","title":{"rendered":"B\u00e9ret Fille- Sergent Major- Marine-Petit n\u0153ud- Taille 2 ( 12 \/ 24 mois)"},"content":{"rendered":"<p>B\u00e9ret adorable et chaud-Coloris classique avec petit n\u0153ud et fantaisie \u00e0 l&rsquo;avant. Mati\u00e8re douce avec\u00a0 une touche de laine.<\/p>\n<p>Marque: Sergent Major.<\/p>\n<p>Ext\u00e9rieur : 80% polyester- 13% Laine- 4% acrylique- 2% polyamide- 1% viscose<\/p>\n<p>doublure: 100% coton<\/p>\n<p>Taille: 2 ( 12 \/ 24 mois )<\/p>\n<p>&nbsp;<\/p>\n","protected":false},"excerpt":{"rendered":"<p>Joli b\u00e9ret- Fille- Sergent Major- Marine- Petit n\u0153ud devant-\u00a0 taille 2 ( 12 \/ 24 mois )<\/p>\n","protected":false},"featured_media":1560,"comment_status":"open","ping_status":"closed","template":"","meta":[],"product_brand":[],"product_cat":[33],"product_tag":[],"class_list":{"0":"post-1559","1":"product","2":"type-product","3":"status-publish","4":"has-post-thumbnail","6":"product_cat-accessoires-hiver","8":"first","9":"instock","10":"shipping-taxable","11":"purchasable","12":"product-type-simple"},"jetpack_sharing_enabled":true,"_links":{"self":[{"href":"https:\/\/tresorsdanna.com\/index.php\/wp-json\/wp\/v2\/product\/1559","targetHints":{"allow":["GET"]}}],"collection":[{"href":"https:\/\/tresorsdanna.com\/index.php\/wp-json\/wp\/v2\/product"}],"about":[{"href":"https:\/\/tresorsdanna.com\/index.php\/wp-json\/wp\/v2\/types\/product"}],"replies":[{"embeddable":true,"href":"https:\/\/tresorsdanna.com\/index.php\/wp-json\/wp\/v2\/comments?post=1559"}],"wp:featuredmedia":[{"embeddable":true,"href":"https:\/\/tresorsdanna.com\/index.php\/wp-json\/wp\/v2\/media\/1560"}],"wp:attachment":[{"href":"https:\/\/tresorsdanna.com\/index.php\/wp-json\/wp\/v2\/media?parent=1559"}],"wp:term":[{"taxonomy":"product_brand","embeddable":true,"href":"https:\/\/tresorsdanna.com\/index.php\/wp-json\/wp\/v2\/product_brand?post=1559"},{"taxonomy":"product_cat","embeddable":true,"href":"https:\/\/tresorsdanna.com\/index.php\/wp-json\/wp\/v2\/product_cat?post=1559"},{"taxonomy":"product_tag","embeddable":true,"href":"https:\/\/tresorsdanna.com\/index.php\/wp-json\/wp\/v2\/product_tag?post=1559"}],"curies":[{"name":"wp","href":"https:\/\/api.w.org\/{rel}","templated":true}]}}