{"id":1556,"date":"2025-12-05T06:48:58","date_gmt":"2025-12-05T06:48:58","guid":{"rendered":"https:\/\/tresorsdanna.com\/?post_type=product&#038;p=1556"},"modified":"2025-12-05T07:38:33","modified_gmt":"2025-12-05T07:38:33","slug":"bonnet-bebe-jacadi-bleu-canard-bord-marine-taille-41-47-cm-6-15-mois","status":"publish","type":"product","link":"https:\/\/tresorsdanna.com\/index.php\/produit\/bonnet-bebe-jacadi-bleu-canard-bord-marine-taille-41-47-cm-6-15-mois\/","title":{"rendered":"Bonnet B\u00e9b\u00e9-Jacadi- Bleu canard- Bord marine- Taille: 41 \/ 47 cm ( 6 \/ 15 mois )"},"content":{"rendered":"<p>Bonnet chaud, l\u00e9ger, id\u00e9al pour l&rsquo;hiver. Coloris bleu canard avec bord marine. Tissu doux et extensible- Lien pour maintenir le bonnet en place- joli\u00a0 pompon sur le dessus- Finitions soign\u00e9es.<\/p>\n<p>Marque: Jacadi.<\/p>\n<p>Ext\u00e9rieur : 95% coton- 5% cashemire<\/p>\n<p>Taille:\u00a0 41 &#8211; 47 cm<\/p>\n","protected":false},"excerpt":{"rendered":"<p>Bonnet b\u00e9b\u00e9 Jacadi-Bleu canard-Marine-Coton et Cachemire-L\u00e9ger, doux et chaud-taille: 41 \/ 47 cm ( 6\/ 15 mois)<\/p>\n","protected":false},"featured_media":1557,"comment_status":"open","ping_status":"closed","template":"","meta":[],"product_brand":[],"product_cat":[33],"product_tag":[],"class_list":{"0":"post-1556","1":"product","2":"type-product","3":"status-publish","4":"has-post-thumbnail","6":"product_cat-accessoires-hiver","8":"first","9":"instock","10":"shipping-taxable","11":"purchasable","12":"product-type-simple"},"jetpack_sharing_enabled":true,"_links":{"self":[{"href":"https:\/\/tresorsdanna.com\/index.php\/wp-json\/wp\/v2\/product\/1556","targetHints":{"allow":["GET"]}}],"collection":[{"href":"https:\/\/tresorsdanna.com\/index.php\/wp-json\/wp\/v2\/product"}],"about":[{"href":"https:\/\/tresorsdanna.com\/index.php\/wp-json\/wp\/v2\/types\/product"}],"replies":[{"embeddable":true,"href":"https:\/\/tresorsdanna.com\/index.php\/wp-json\/wp\/v2\/comments?post=1556"}],"wp:featuredmedia":[{"embeddable":true,"href":"https:\/\/tresorsdanna.com\/index.php\/wp-json\/wp\/v2\/media\/1557"}],"wp:attachment":[{"href":"https:\/\/tresorsdanna.com\/index.php\/wp-json\/wp\/v2\/media?parent=1556"}],"wp:term":[{"taxonomy":"product_brand","embeddable":true,"href":"https:\/\/tresorsdanna.com\/index.php\/wp-json\/wp\/v2\/product_brand?post=1556"},{"taxonomy":"product_cat","embeddable":true,"href":"https:\/\/tresorsdanna.com\/index.php\/wp-json\/wp\/v2\/product_cat?post=1556"},{"taxonomy":"product_tag","embeddable":true,"href":"https:\/\/tresorsdanna.com\/index.php\/wp-json\/wp\/v2\/product_tag?post=1556"}],"curies":[{"name":"wp","href":"https:\/\/api.w.org\/{rel}","templated":true}]}}