{"id":1539,"date":"2025-12-04T07:49:30","date_gmt":"2025-12-04T07:49:30","guid":{"rendered":"https:\/\/tresorsdanna.com\/?post_type=product&#038;p=1539"},"modified":"2025-12-04T15:52:28","modified_gmt":"2025-12-04T15:52:28","slug":"bonnet-bebe-du-pareil-au-meme-naturel-chine-pompon-multicolore-6-12-mois","status":"publish","type":"product","link":"https:\/\/tresorsdanna.com\/index.php\/produit\/bonnet-bebe-du-pareil-au-meme-naturel-chine-pompon-multicolore-6-12-mois\/","title":{"rendered":"Bonnet B\u00e9b\u00e9-Du Pareil Au M\u00eame- Naturel Chin\u00e9- Pompon Multicolore- 6 \/12 Mois"},"content":{"rendered":"<p>Bonnet doux et chaleureux, id\u00e9al pour l&rsquo;hiver. Coloris naturel chin\u00e9 &#8211; joli pompon multicolore. Int\u00e9rieur doubl\u00e9 100% coton pour plus de confort et de chaleur.\u00a0 Liens tress\u00e9s pour une fermeture confortable Prot\u00e8ge bien contre le froid.<\/p>\n<p>Marque: Du Pareil Au M\u00eame.<\/p>\n<p>Ext\u00e9rieur : 67% coton- 33% acrylique<\/p>\n<p>Doublure: 100% coton<\/p>\n<p>Taille:\u00a0 6 &#8211; 12 mois<\/p>\n","protected":false},"excerpt":{"rendered":"<p>Bonnet b\u00e9b\u00e9- Du Pareil Au M\u00eame- Naturel Chin\u00e9- Doubl\u00e9 coton &#8211; doux et chaud- taille: 6 \/ 12 Mois<\/p>\n","protected":false},"featured_media":1541,"comment_status":"open","ping_status":"closed","template":"","meta":[],"product_brand":[],"product_cat":[33],"product_tag":[],"class_list":{"0":"post-1539","1":"product","2":"type-product","3":"status-publish","4":"has-post-thumbnail","6":"product_cat-accessoires-hiver","8":"first","9":"instock","10":"shipping-taxable","11":"purchasable","12":"product-type-simple"},"jetpack_sharing_enabled":true,"_links":{"self":[{"href":"https:\/\/tresorsdanna.com\/index.php\/wp-json\/wp\/v2\/product\/1539","targetHints":{"allow":["GET"]}}],"collection":[{"href":"https:\/\/tresorsdanna.com\/index.php\/wp-json\/wp\/v2\/product"}],"about":[{"href":"https:\/\/tresorsdanna.com\/index.php\/wp-json\/wp\/v2\/types\/product"}],"replies":[{"embeddable":true,"href":"https:\/\/tresorsdanna.com\/index.php\/wp-json\/wp\/v2\/comments?post=1539"}],"wp:featuredmedia":[{"embeddable":true,"href":"https:\/\/tresorsdanna.com\/index.php\/wp-json\/wp\/v2\/media\/1541"}],"wp:attachment":[{"href":"https:\/\/tresorsdanna.com\/index.php\/wp-json\/wp\/v2\/media?parent=1539"}],"wp:term":[{"taxonomy":"product_brand","embeddable":true,"href":"https:\/\/tresorsdanna.com\/index.php\/wp-json\/wp\/v2\/product_brand?post=1539"},{"taxonomy":"product_cat","embeddable":true,"href":"https:\/\/tresorsdanna.com\/index.php\/wp-json\/wp\/v2\/product_cat?post=1539"},{"taxonomy":"product_tag","embeddable":true,"href":"https:\/\/tresorsdanna.com\/index.php\/wp-json\/wp\/v2\/product_tag?post=1539"}],"curies":[{"name":"wp","href":"https:\/\/api.w.org\/{rel}","templated":true}]}}