{"id":1518,"date":"2025-11-29T21:11:25","date_gmt":"2025-11-29T21:11:25","guid":{"rendered":"https:\/\/tresorsdanna.com\/?post_type=product&#038;p=1518"},"modified":"2025-11-30T07:34:26","modified_gmt":"2025-11-30T07:34:26","slug":"robe-bebes-velours-coton-moutarde-tootsa-6-12-mois","status":"publish","type":"product","link":"https:\/\/tresorsdanna.com\/index.php\/produit\/robe-bebes-velours-coton-moutarde-tootsa-6-12-mois\/","title":{"rendered":"Robe- b\u00e9b\u00e9s- velours coton- moutarde- Tootsa-6 \/ 12 Mois"},"content":{"rendered":"<p>Jolie petite\u00a0 robe en velours de coton moutarde- douce et confortable- boutonnage dans le dos pour un habillage facile- marque Tootsa- 6 \/ 12 mois.<\/p>\n","protected":false},"excerpt":{"rendered":"<p>Robe b\u00e9b\u00e9- Tootsa- velours de coton- doux et chaud- moutarde- id\u00e9ale pour les premi\u00e8res sorties- 6 \/ 12 mois<\/p>\n","protected":false},"featured_media":1519,"comment_status":"open","ping_status":"closed","template":"","meta":[],"product_brand":[],"product_cat":[31],"product_tag":[],"class_list":{"0":"post-1518","1":"product","2":"type-product","3":"status-publish","4":"has-post-thumbnail","6":"product_cat-robes-filles","8":"first","9":"instock","10":"shipping-taxable","11":"purchasable","12":"product-type-simple"},"jetpack_sharing_enabled":true,"_links":{"self":[{"href":"https:\/\/tresorsdanna.com\/index.php\/wp-json\/wp\/v2\/product\/1518","targetHints":{"allow":["GET"]}}],"collection":[{"href":"https:\/\/tresorsdanna.com\/index.php\/wp-json\/wp\/v2\/product"}],"about":[{"href":"https:\/\/tresorsdanna.com\/index.php\/wp-json\/wp\/v2\/types\/product"}],"replies":[{"embeddable":true,"href":"https:\/\/tresorsdanna.com\/index.php\/wp-json\/wp\/v2\/comments?post=1518"}],"wp:featuredmedia":[{"embeddable":true,"href":"https:\/\/tresorsdanna.com\/index.php\/wp-json\/wp\/v2\/media\/1519"}],"wp:attachment":[{"href":"https:\/\/tresorsdanna.com\/index.php\/wp-json\/wp\/v2\/media?parent=1518"}],"wp:term":[{"taxonomy":"product_brand","embeddable":true,"href":"https:\/\/tresorsdanna.com\/index.php\/wp-json\/wp\/v2\/product_brand?post=1518"},{"taxonomy":"product_cat","embeddable":true,"href":"https:\/\/tresorsdanna.com\/index.php\/wp-json\/wp\/v2\/product_cat?post=1518"},{"taxonomy":"product_tag","embeddable":true,"href":"https:\/\/tresorsdanna.com\/index.php\/wp-json\/wp\/v2\/product_tag?post=1518"}],"curies":[{"name":"wp","href":"https:\/\/api.w.org\/{rel}","templated":true}]}}