{"id":1505,"date":"2025-11-28T06:21:19","date_gmt":"2025-11-28T06:21:19","guid":{"rendered":"https:\/\/tresorsdanna.com\/?post_type=product&#038;p=1505"},"modified":"2025-11-28T08:09:12","modified_gmt":"2025-11-28T08:09:12","slug":"chemise-garcons-tutto-piccolo-rose-8-ans","status":"publish","type":"product","link":"https:\/\/tresorsdanna.com\/index.php\/produit\/chemise-garcons-tutto-piccolo-rose-8-ans\/","title":{"rendered":"chemise Gar\u00e7ons- Tutto Piccolo- Rose &#8211; 8 ans"},"content":{"rendered":"<p>Chemise gar\u00e7on de marque Italienne- Tutto Piccolo- l\u00e9g\u00e8re et confortable. Coupe classique- tissu doux et respirant- 100% coton.<\/p>\n","protected":false},"excerpt":{"rendered":"<p>Chemise gar\u00e7ons- Tutto Picollo- rose p\u00e9tale- douce- l\u00e9g\u00e8re et confortable- 100% coton- 8 ans<\/p>\n","protected":false},"featured_media":1506,"comment_status":"open","ping_status":"closed","template":"","meta":[],"product_brand":[],"product_cat":[27],"product_tag":[],"class_list":{"0":"post-1505","1":"product","2":"type-product","3":"status-publish","4":"has-post-thumbnail","6":"product_cat-chemise-garcons","8":"first","9":"instock","10":"shipping-taxable","11":"purchasable","12":"product-type-simple"},"jetpack_sharing_enabled":true,"_links":{"self":[{"href":"https:\/\/tresorsdanna.com\/index.php\/wp-json\/wp\/v2\/product\/1505","targetHints":{"allow":["GET"]}}],"collection":[{"href":"https:\/\/tresorsdanna.com\/index.php\/wp-json\/wp\/v2\/product"}],"about":[{"href":"https:\/\/tresorsdanna.com\/index.php\/wp-json\/wp\/v2\/types\/product"}],"replies":[{"embeddable":true,"href":"https:\/\/tresorsdanna.com\/index.php\/wp-json\/wp\/v2\/comments?post=1505"}],"wp:featuredmedia":[{"embeddable":true,"href":"https:\/\/tresorsdanna.com\/index.php\/wp-json\/wp\/v2\/media\/1506"}],"wp:attachment":[{"href":"https:\/\/tresorsdanna.com\/index.php\/wp-json\/wp\/v2\/media?parent=1505"}],"wp:term":[{"taxonomy":"product_brand","embeddable":true,"href":"https:\/\/tresorsdanna.com\/index.php\/wp-json\/wp\/v2\/product_brand?post=1505"},{"taxonomy":"product_cat","embeddable":true,"href":"https:\/\/tresorsdanna.com\/index.php\/wp-json\/wp\/v2\/product_cat?post=1505"},{"taxonomy":"product_tag","embeddable":true,"href":"https:\/\/tresorsdanna.com\/index.php\/wp-json\/wp\/v2\/product_tag?post=1505"}],"curies":[{"name":"wp","href":"https:\/\/api.w.org\/{rel}","templated":true}]}}