{"id":1457,"date":"2025-11-26T05:59:32","date_gmt":"2025-11-26T05:59:32","guid":{"rendered":"https:\/\/tresorsdanna.com\/?post_type=product&#038;p=1457"},"modified":"2025-11-26T06:35:56","modified_gmt":"2025-11-26T06:35:56","slug":"collants-bonnet-a-pompon-kaki-6-8-ans-noir-3-4-ans","status":"publish","type":"product","link":"https:\/\/tresorsdanna.com\/index.php\/produit\/collants-bonnet-a-pompon-kaki-6-8-ans-noir-3-4-ans\/","title":{"rendered":"Collants-Bonnet \u00e0 Pompon-Kaki-6 \/8 ans- Noir- 3 \/4 ans"},"content":{"rendered":"<p>Collants doux et extensibles, agr\u00e9ables \u00e0 porter, chauds et d&rsquo;excellente qualit\u00e9 sign\u00e9 Bonnet \u00e0 Pompon. Bonne \u00e9lasticit\u00e9 pour un enfilage facile et maintien confortable. Tailles disponibles: Noir:3 \/4 ans- Kaki: 6 \/8 ans<\/p>\n<p>Composition: 55% viscose- 35% polyamide- 8% angora- 2% \u00e9lasthanne<\/p>\n","protected":false},"excerpt":{"rendered":"<p>&nbsp;<\/p>\n<p>Collants-Bonnet \u00e0 Pompon- chauds- extensibles-r\u00e9sistants-couleur Kaki 6 \/8 ans- Noir 3 \/4 ans<\/p>\n","protected":false},"featured_media":1458,"comment_status":"open","ping_status":"closed","template":"","meta":[],"product_brand":[],"product_cat":[33],"product_tag":[],"class_list":{"0":"post-1457","1":"product","2":"type-product","3":"status-publish","4":"has-post-thumbnail","6":"product_cat-accessoires-hiver","8":"first","9":"instock","10":"shipping-taxable","11":"purchasable","12":"product-type-simple"},"jetpack_sharing_enabled":true,"_links":{"self":[{"href":"https:\/\/tresorsdanna.com\/index.php\/wp-json\/wp\/v2\/product\/1457","targetHints":{"allow":["GET"]}}],"collection":[{"href":"https:\/\/tresorsdanna.com\/index.php\/wp-json\/wp\/v2\/product"}],"about":[{"href":"https:\/\/tresorsdanna.com\/index.php\/wp-json\/wp\/v2\/types\/product"}],"replies":[{"embeddable":true,"href":"https:\/\/tresorsdanna.com\/index.php\/wp-json\/wp\/v2\/comments?post=1457"}],"wp:featuredmedia":[{"embeddable":true,"href":"https:\/\/tresorsdanna.com\/index.php\/wp-json\/wp\/v2\/media\/1458"}],"wp:attachment":[{"href":"https:\/\/tresorsdanna.com\/index.php\/wp-json\/wp\/v2\/media?parent=1457"}],"wp:term":[{"taxonomy":"product_brand","embeddable":true,"href":"https:\/\/tresorsdanna.com\/index.php\/wp-json\/wp\/v2\/product_brand?post=1457"},{"taxonomy":"product_cat","embeddable":true,"href":"https:\/\/tresorsdanna.com\/index.php\/wp-json\/wp\/v2\/product_cat?post=1457"},{"taxonomy":"product_tag","embeddable":true,"href":"https:\/\/tresorsdanna.com\/index.php\/wp-json\/wp\/v2\/product_tag?post=1457"}],"curies":[{"name":"wp","href":"https:\/\/api.w.org\/{rel}","templated":true}]}}