{"id":1452,"date":"2025-11-25T19:50:39","date_gmt":"2025-11-25T19:50:39","guid":{"rendered":"https:\/\/tresorsdanna.com\/?post_type=product&#038;p=1452"},"modified":"2025-11-26T07:28:50","modified_gmt":"2025-11-26T07:28:50","slug":"collant-du-pareil-au-meme-vert-taille-27-30","status":"publish","type":"product","link":"https:\/\/tresorsdanna.com\/index.php\/produit\/collant-du-pareil-au-meme-vert-taille-27-30\/","title":{"rendered":"Collant-Du Pareil Au M\u00eame-Vert- Taille 27-30"},"content":{"rendered":"<p>Collant Du Pareil Au M\u00eame- chaud, confortable et de bonne qualit\u00e9. Le coton majoritaire\u00a0 ( 54% ) apporte douceur et confort- Le polyamide ( 31% ) et l\u2019\u00e9lasthanne ( 2%) donne tenue et \u00e9lasticit\u00e9. La fibre m\u00e9tallis\u00e9 ( 3% ) donne un cot\u00e9 scintillant- Taille 27 \/ 30.<\/p>\n","protected":false},"excerpt":{"rendered":"<p>&nbsp;<\/p>\n<p>Collants doux et lumineux sign\u00e9 Du Pareil Au M\u00eame- confortable, r\u00e9sistant et extensible- 27\/30<\/p>\n","protected":false},"featured_media":1463,"comment_status":"open","ping_status":"closed","template":"","meta":[],"product_brand":[],"product_cat":[33],"product_tag":[],"class_list":{"0":"post-1452","1":"product","2":"type-product","3":"status-publish","4":"has-post-thumbnail","6":"product_cat-accessoires-hiver","8":"first","9":"instock","10":"shipping-taxable","11":"purchasable","12":"product-type-simple"},"jetpack_sharing_enabled":true,"_links":{"self":[{"href":"https:\/\/tresorsdanna.com\/index.php\/wp-json\/wp\/v2\/product\/1452","targetHints":{"allow":["GET"]}}],"collection":[{"href":"https:\/\/tresorsdanna.com\/index.php\/wp-json\/wp\/v2\/product"}],"about":[{"href":"https:\/\/tresorsdanna.com\/index.php\/wp-json\/wp\/v2\/types\/product"}],"replies":[{"embeddable":true,"href":"https:\/\/tresorsdanna.com\/index.php\/wp-json\/wp\/v2\/comments?post=1452"}],"wp:featuredmedia":[{"embeddable":true,"href":"https:\/\/tresorsdanna.com\/index.php\/wp-json\/wp\/v2\/media\/1463"}],"wp:attachment":[{"href":"https:\/\/tresorsdanna.com\/index.php\/wp-json\/wp\/v2\/media?parent=1452"}],"wp:term":[{"taxonomy":"product_brand","embeddable":true,"href":"https:\/\/tresorsdanna.com\/index.php\/wp-json\/wp\/v2\/product_brand?post=1452"},{"taxonomy":"product_cat","embeddable":true,"href":"https:\/\/tresorsdanna.com\/index.php\/wp-json\/wp\/v2\/product_cat?post=1452"},{"taxonomy":"product_tag","embeddable":true,"href":"https:\/\/tresorsdanna.com\/index.php\/wp-json\/wp\/v2\/product_tag?post=1452"}],"curies":[{"name":"wp","href":"https:\/\/api.w.org\/{rel}","templated":true}]}}