{"id":1444,"date":"2025-11-25T16:48:29","date_gmt":"2025-11-25T16:48:29","guid":{"rendered":"https:\/\/tresorsdanna.com\/?post_type=product&#038;p=1444"},"modified":"2025-11-25T17:30:57","modified_gmt":"2025-11-25T17:30:57","slug":"collants-sergent-major-taille-13-14-rose-tendre","status":"publish","type":"product","link":"https:\/\/tresorsdanna.com\/index.php\/produit\/collants-sergent-major-taille-13-14-rose-tendre\/","title":{"rendered":"Collants-Sergent Major-Taille 13 \/ 14-( 1\u00e0 3 mois ) Rose tendre"},"content":{"rendered":"<p>Un collant d\u00e9licat et confortable. Son coloris rose tendre et les petits points brillants apportent une touche originale. Le coton majoritaire( 68% ) apporte douceur et confort- Le polyester (30 % et l\u2019\u00e9lasthanne ( 2%) donne tenue et \u00e9lasticit\u00e9. Taille 13 \/ 14.<\/p>\n","protected":false},"excerpt":{"rendered":"<p>&nbsp;<\/p>\n<p>Collant rose tendre &#8211; Sergent Major- Petits points marron l\u00e9g\u00e8rement brillants- Maille douce et extensible- taille: 13 \/ 14<\/p>\n","protected":false},"featured_media":1445,"comment_status":"open","ping_status":"closed","template":"","meta":[],"product_brand":[],"product_cat":[33],"product_tag":[],"class_list":{"0":"post-1444","1":"product","2":"type-product","3":"status-publish","4":"has-post-thumbnail","6":"product_cat-accessoires-hiver","8":"first","9":"instock","10":"shipping-taxable","11":"purchasable","12":"product-type-simple"},"jetpack_sharing_enabled":true,"_links":{"self":[{"href":"https:\/\/tresorsdanna.com\/index.php\/wp-json\/wp\/v2\/product\/1444","targetHints":{"allow":["GET"]}}],"collection":[{"href":"https:\/\/tresorsdanna.com\/index.php\/wp-json\/wp\/v2\/product"}],"about":[{"href":"https:\/\/tresorsdanna.com\/index.php\/wp-json\/wp\/v2\/types\/product"}],"replies":[{"embeddable":true,"href":"https:\/\/tresorsdanna.com\/index.php\/wp-json\/wp\/v2\/comments?post=1444"}],"wp:featuredmedia":[{"embeddable":true,"href":"https:\/\/tresorsdanna.com\/index.php\/wp-json\/wp\/v2\/media\/1445"}],"wp:attachment":[{"href":"https:\/\/tresorsdanna.com\/index.php\/wp-json\/wp\/v2\/media?parent=1444"}],"wp:term":[{"taxonomy":"product_brand","embeddable":true,"href":"https:\/\/tresorsdanna.com\/index.php\/wp-json\/wp\/v2\/product_brand?post=1444"},{"taxonomy":"product_cat","embeddable":true,"href":"https:\/\/tresorsdanna.com\/index.php\/wp-json\/wp\/v2\/product_cat?post=1444"},{"taxonomy":"product_tag","embeddable":true,"href":"https:\/\/tresorsdanna.com\/index.php\/wp-json\/wp\/v2\/product_tag?post=1444"}],"curies":[{"name":"wp","href":"https:\/\/api.w.org\/{rel}","templated":true}]}}