{"id":1438,"date":"2025-11-25T15:53:58","date_gmt":"2025-11-25T15:53:58","guid":{"rendered":"https:\/\/tresorsdanna.com\/?post_type=product&#038;p=1438"},"modified":"2025-11-25T16:18:03","modified_gmt":"2025-11-25T16:18:03","slug":"collants-catimini-taille-13-14-2-couleurs","status":"publish","type":"product","link":"https:\/\/tresorsdanna.com\/index.php\/produit\/collants-catimini-taille-13-14-2-couleurs\/","title":{"rendered":"Collants-Catimini- Taille 13 \/ 14- 2 couleurs"},"content":{"rendered":"<p>Collants Catimini- chauds- souples et de bonne qualit\u00e9. Le coton majoritaire( 78% ) apporte douceur et confort- Le polyamide ( 20% ) et l\u2019\u00e9lasthanne ( 2%) donne tenue et \u00e9lasticit\u00e9. Taille 13 \/ 14.<\/p>\n","protected":false},"excerpt":{"rendered":"<p>&nbsp;<\/p>\n<p>Collants doux, confortables et r\u00e9sistants-\u00a0 Catimini- taille: 13 \/ 14<\/p>\n","protected":false},"featured_media":1439,"comment_status":"open","ping_status":"closed","template":"","meta":[],"product_brand":[],"product_cat":[33],"product_tag":[],"class_list":{"0":"post-1438","1":"product","2":"type-product","3":"status-publish","4":"has-post-thumbnail","6":"product_cat-accessoires-hiver","8":"first","9":"instock","10":"shipping-taxable","11":"purchasable","12":"product-type-simple"},"jetpack_sharing_enabled":true,"_links":{"self":[{"href":"https:\/\/tresorsdanna.com\/index.php\/wp-json\/wp\/v2\/product\/1438","targetHints":{"allow":["GET"]}}],"collection":[{"href":"https:\/\/tresorsdanna.com\/index.php\/wp-json\/wp\/v2\/product"}],"about":[{"href":"https:\/\/tresorsdanna.com\/index.php\/wp-json\/wp\/v2\/types\/product"}],"replies":[{"embeddable":true,"href":"https:\/\/tresorsdanna.com\/index.php\/wp-json\/wp\/v2\/comments?post=1438"}],"wp:featuredmedia":[{"embeddable":true,"href":"https:\/\/tresorsdanna.com\/index.php\/wp-json\/wp\/v2\/media\/1439"}],"wp:attachment":[{"href":"https:\/\/tresorsdanna.com\/index.php\/wp-json\/wp\/v2\/media?parent=1438"}],"wp:term":[{"taxonomy":"product_brand","embeddable":true,"href":"https:\/\/tresorsdanna.com\/index.php\/wp-json\/wp\/v2\/product_brand?post=1438"},{"taxonomy":"product_cat","embeddable":true,"href":"https:\/\/tresorsdanna.com\/index.php\/wp-json\/wp\/v2\/product_cat?post=1438"},{"taxonomy":"product_tag","embeddable":true,"href":"https:\/\/tresorsdanna.com\/index.php\/wp-json\/wp\/v2\/product_tag?post=1438"}],"curies":[{"name":"wp","href":"https:\/\/api.w.org\/{rel}","templated":true}]}}