{"id":1422,"date":"2025-11-25T07:59:39","date_gmt":"2025-11-25T07:59:39","guid":{"rendered":"https:\/\/tresorsdanna.com\/?post_type=product&#038;p=1422"},"modified":"2025-12-03T15:48:09","modified_gmt":"2025-12-03T15:48:09","slug":"cartable-sergent-major-marine-et-rouge-matiere-solide","status":"publish","type":"product","link":"https:\/\/tresorsdanna.com\/index.php\/produit\/cartable-sergent-major-marine-et-rouge-matiere-solide\/","title":{"rendered":"Cartable- Sergent Major- Marine et rouge-Mati\u00e8re Solide"},"content":{"rendered":"<p>Un cartable Sergent Major- pratique et confortable- con\u00e7u pour le quotidien scolaire. A l&rsquo;avant petite Poche suppl\u00e9mentaire\u00a0 zipp\u00e9e et orn\u00e9e d&rsquo;un dessin rouge\u00a0 ludique pour les petits rangements . Deuxi\u00e8me poche pour cahiers petits formats en plus de la poche principale- bretelles rembourr\u00e9es, confortables et r\u00e9glables. R\u00e9sistant<\/p>\n<p>Composition: polyester robuste<\/p>\n","protected":false},"excerpt":{"rendered":"<p>Cartable Sergent Major &#8211; Marine et rouge- Pratique, r\u00e9sistant et confortable pour le quotidien scolaire.<\/p>\n","protected":false},"featured_media":1423,"comment_status":"open","ping_status":"closed","template":"","meta":[],"product_brand":[],"product_cat":[40],"product_tag":[],"class_list":{"0":"post-1422","1":"product","2":"type-product","3":"status-publish","4":"has-post-thumbnail","6":"product_cat-sacs-et-cartables-enfants","8":"first","9":"instock","10":"shipping-taxable","11":"purchasable","12":"product-type-simple"},"jetpack_sharing_enabled":true,"_links":{"self":[{"href":"https:\/\/tresorsdanna.com\/index.php\/wp-json\/wp\/v2\/product\/1422","targetHints":{"allow":["GET"]}}],"collection":[{"href":"https:\/\/tresorsdanna.com\/index.php\/wp-json\/wp\/v2\/product"}],"about":[{"href":"https:\/\/tresorsdanna.com\/index.php\/wp-json\/wp\/v2\/types\/product"}],"replies":[{"embeddable":true,"href":"https:\/\/tresorsdanna.com\/index.php\/wp-json\/wp\/v2\/comments?post=1422"}],"wp:featuredmedia":[{"embeddable":true,"href":"https:\/\/tresorsdanna.com\/index.php\/wp-json\/wp\/v2\/media\/1423"}],"wp:attachment":[{"href":"https:\/\/tresorsdanna.com\/index.php\/wp-json\/wp\/v2\/media?parent=1422"}],"wp:term":[{"taxonomy":"product_brand","embeddable":true,"href":"https:\/\/tresorsdanna.com\/index.php\/wp-json\/wp\/v2\/product_brand?post=1422"},{"taxonomy":"product_cat","embeddable":true,"href":"https:\/\/tresorsdanna.com\/index.php\/wp-json\/wp\/v2\/product_cat?post=1422"},{"taxonomy":"product_tag","embeddable":true,"href":"https:\/\/tresorsdanna.com\/index.php\/wp-json\/wp\/v2\/product_tag?post=1422"}],"curies":[{"name":"wp","href":"https:\/\/api.w.org\/{rel}","templated":true}]}}