{"id":1418,"date":"2025-11-24T18:23:30","date_gmt":"2025-11-24T18:23:30","guid":{"rendered":"https:\/\/tresorsdanna.com\/?post_type=product&#038;p=1418"},"modified":"2025-11-24T20:33:10","modified_gmt":"2025-11-24T20:33:10","slug":"casquette-pull-bear-bouclette-marron-taille-3","status":"publish","type":"product","link":"https:\/\/tresorsdanna.com\/index.php\/produit\/casquette-pull-bear-bouclette-marron-taille-3\/","title":{"rendered":"Casquette -Pull &#038; Bear- Bouclette marron- Taille 3"},"content":{"rendered":"<p>Casquette Pull&amp; Bear en mati\u00e8re bouclette marron- douce, chaude et tendance- int\u00e9rieur doubl\u00e9 pour plus de confort- visi\u00e8re rigide. R\u00e9glage arri\u00e8re pratique.\u00a0 Agr\u00e9able et confortable \u00e0 porter.<\/p>\n<p>Composition: 84 % Polyester- 16% acrylique<\/p>\n<p>Doublure: 100% coton<\/p>\n<p>Taille: 3 ( Tour de t\u00eate environ 54 &#8211; 56 cm ).<\/p>\n","protected":false},"excerpt":{"rendered":"<p>Casquette Pull &amp; Bear -en bouclette- marron-chaude et tendance- r\u00e9glage arri\u00e8re pratique- taille 3 ( 54-56 cm )<\/p>\n<p>&nbsp;<\/p>\n","protected":false},"featured_media":1420,"comment_status":"open","ping_status":"closed","template":"","meta":[],"product_brand":[],"product_cat":[16],"product_tag":[],"class_list":{"0":"post-1418","1":"product","2":"type-product","3":"status-publish","4":"has-post-thumbnail","6":"product_cat-non-classe","8":"first","9":"instock","10":"shipping-taxable","11":"purchasable","12":"product-type-simple"},"jetpack_sharing_enabled":true,"_links":{"self":[{"href":"https:\/\/tresorsdanna.com\/index.php\/wp-json\/wp\/v2\/product\/1418","targetHints":{"allow":["GET"]}}],"collection":[{"href":"https:\/\/tresorsdanna.com\/index.php\/wp-json\/wp\/v2\/product"}],"about":[{"href":"https:\/\/tresorsdanna.com\/index.php\/wp-json\/wp\/v2\/types\/product"}],"replies":[{"embeddable":true,"href":"https:\/\/tresorsdanna.com\/index.php\/wp-json\/wp\/v2\/comments?post=1418"}],"wp:featuredmedia":[{"embeddable":true,"href":"https:\/\/tresorsdanna.com\/index.php\/wp-json\/wp\/v2\/media\/1420"}],"wp:attachment":[{"href":"https:\/\/tresorsdanna.com\/index.php\/wp-json\/wp\/v2\/media?parent=1418"}],"wp:term":[{"taxonomy":"product_brand","embeddable":true,"href":"https:\/\/tresorsdanna.com\/index.php\/wp-json\/wp\/v2\/product_brand?post=1418"},{"taxonomy":"product_cat","embeddable":true,"href":"https:\/\/tresorsdanna.com\/index.php\/wp-json\/wp\/v2\/product_cat?post=1418"},{"taxonomy":"product_tag","embeddable":true,"href":"https:\/\/tresorsdanna.com\/index.php\/wp-json\/wp\/v2\/product_tag?post=1418"}],"curies":[{"name":"wp","href":"https:\/\/api.w.org\/{rel}","templated":true}]}}