{"id":1414,"date":"2025-11-24T17:52:56","date_gmt":"2025-11-24T17:52:56","guid":{"rendered":"https:\/\/tresorsdanna.com\/?post_type=product&#038;p=1414"},"modified":"2025-11-24T18:22:42","modified_gmt":"2025-11-24T18:22:42","slug":"casquette-pull-bear-velours-cotele-fin-vert-bouteille-taille-m-56-58-cm","status":"publish","type":"product","link":"https:\/\/tresorsdanna.com\/index.php\/produit\/casquette-pull-bear-velours-cotele-fin-vert-bouteille-taille-m-56-58-cm\/","title":{"rendered":"Casquette-Pull&#038; Bear- velours c\u00f4tel\u00e9 fin-vert bouteille- Taille M( 56-58 cm)"},"content":{"rendered":"<p>Casquette Pull&amp; Bear en velours fin vert bouteille- texture douce- fini \u00e9l\u00e9gant- int\u00e9rieur doubl\u00e9 pour plus de confort- visi\u00e8re rigide. R\u00e9glage arri\u00e8re pratique.\u00a0 Agr\u00e9able \u00e0 porter.<\/p>\n<p>Composition: 90% polyester- 10% \u00e9lasthanne- doublure: 100% polyester<\/p>\n<p>Taille: M ( Tour de t\u00eate environ 56 &#8211; 58 cm ).<\/p>\n","protected":false},"excerpt":{"rendered":"<p>Casquette Pull &amp; Bear en velours vert bouteille-doux et confortable- r\u00e9glage arri\u00e8re pratique- taille M ( 56-58 cm )<\/p>\n<p>&nbsp;<\/p>\n","protected":false},"featured_media":1417,"comment_status":"open","ping_status":"closed","template":"","meta":[],"product_brand":[],"product_cat":[16],"product_tag":[],"class_list":{"0":"post-1414","1":"product","2":"type-product","3":"status-publish","4":"has-post-thumbnail","6":"product_cat-non-classe","8":"first","9":"instock","10":"shipping-taxable","11":"purchasable","12":"product-type-simple"},"jetpack_sharing_enabled":true,"_links":{"self":[{"href":"https:\/\/tresorsdanna.com\/index.php\/wp-json\/wp\/v2\/product\/1414","targetHints":{"allow":["GET"]}}],"collection":[{"href":"https:\/\/tresorsdanna.com\/index.php\/wp-json\/wp\/v2\/product"}],"about":[{"href":"https:\/\/tresorsdanna.com\/index.php\/wp-json\/wp\/v2\/types\/product"}],"replies":[{"embeddable":true,"href":"https:\/\/tresorsdanna.com\/index.php\/wp-json\/wp\/v2\/comments?post=1414"}],"wp:featuredmedia":[{"embeddable":true,"href":"https:\/\/tresorsdanna.com\/index.php\/wp-json\/wp\/v2\/media\/1417"}],"wp:attachment":[{"href":"https:\/\/tresorsdanna.com\/index.php\/wp-json\/wp\/v2\/media?parent=1414"}],"wp:term":[{"taxonomy":"product_brand","embeddable":true,"href":"https:\/\/tresorsdanna.com\/index.php\/wp-json\/wp\/v2\/product_brand?post=1414"},{"taxonomy":"product_cat","embeddable":true,"href":"https:\/\/tresorsdanna.com\/index.php\/wp-json\/wp\/v2\/product_cat?post=1414"},{"taxonomy":"product_tag","embeddable":true,"href":"https:\/\/tresorsdanna.com\/index.php\/wp-json\/wp\/v2\/product_tag?post=1414"}],"curies":[{"name":"wp","href":"https:\/\/api.w.org\/{rel}","templated":true}]}}