{"id":1407,"date":"2025-11-24T16:52:08","date_gmt":"2025-11-24T16:52:08","guid":{"rendered":"https:\/\/tresorsdanna.com\/?post_type=product&#038;p=1407"},"modified":"2025-11-24T16:52:18","modified_gmt":"2025-11-24T16:52:18","slug":"casquettes-pull-bear-en-velours-m","status":"publish","type":"product","link":"https:\/\/tresorsdanna.com\/index.php\/produit\/casquettes-pull-bear-en-velours-m\/","title":{"rendered":"Casquettes- Pull &#038; Bear- en velours &#8211; M"},"content":{"rendered":"<p>Casquette Pull &amp; Bear en velours souple, agr\u00e9able \u00e0 porter. Disponible en 2 coloris: rose tendre ou bordeaux clair. Visi\u00e8re rigide, r\u00e9glage arri\u00e8re classique.<\/p>\n<p>Composition: 90% polyester- 10% coton<\/p>\n<p>Taille: M ( Tour de t\u00eate environ 56 &#8211; 58 cm )<\/p>\n","protected":false},"excerpt":{"rendered":"<p>Casquettes en velours doux- rose tendre &#8211; bordeaux &#8211; Coupe confortable- visi\u00e8re rigide- r\u00e9glage arri\u00e8re-<\/p>\n<p>taille M( 56 \/ 58 cm)<\/p>\n","protected":false},"featured_media":1408,"comment_status":"open","ping_status":"closed","template":"","meta":[],"product_brand":[],"product_cat":[16],"product_tag":[],"class_list":{"0":"post-1407","1":"product","2":"type-product","3":"status-publish","4":"has-post-thumbnail","6":"product_cat-non-classe","8":"first","9":"instock","10":"shipping-taxable","11":"purchasable","12":"product-type-simple"},"jetpack_sharing_enabled":true,"_links":{"self":[{"href":"https:\/\/tresorsdanna.com\/index.php\/wp-json\/wp\/v2\/product\/1407","targetHints":{"allow":["GET"]}}],"collection":[{"href":"https:\/\/tresorsdanna.com\/index.php\/wp-json\/wp\/v2\/product"}],"about":[{"href":"https:\/\/tresorsdanna.com\/index.php\/wp-json\/wp\/v2\/types\/product"}],"replies":[{"embeddable":true,"href":"https:\/\/tresorsdanna.com\/index.php\/wp-json\/wp\/v2\/comments?post=1407"}],"wp:featuredmedia":[{"embeddable":true,"href":"https:\/\/tresorsdanna.com\/index.php\/wp-json\/wp\/v2\/media\/1408"}],"wp:attachment":[{"href":"https:\/\/tresorsdanna.com\/index.php\/wp-json\/wp\/v2\/media?parent=1407"}],"wp:term":[{"taxonomy":"product_brand","embeddable":true,"href":"https:\/\/tresorsdanna.com\/index.php\/wp-json\/wp\/v2\/product_brand?post=1407"},{"taxonomy":"product_cat","embeddable":true,"href":"https:\/\/tresorsdanna.com\/index.php\/wp-json\/wp\/v2\/product_cat?post=1407"},{"taxonomy":"product_tag","embeddable":true,"href":"https:\/\/tresorsdanna.com\/index.php\/wp-json\/wp\/v2\/product_tag?post=1407"}],"curies":[{"name":"wp","href":"https:\/\/api.w.org\/{rel}","templated":true}]}}