{"id":1363,"date":"2025-11-22T16:24:47","date_gmt":"2025-11-22T16:24:47","guid":{"rendered":"https:\/\/tresorsdanna.com\/?post_type=product&#038;p=1363"},"modified":"2025-11-30T14:34:05","modified_gmt":"2025-11-30T14:34:05","slug":"ensemble-bonnet-et-echarpe-lola-palacios-tricot-torsade-taille-s","status":"publish","type":"product","link":"https:\/\/tresorsdanna.com\/index.php\/produit\/ensemble-bonnet-et-echarpe-lola-palacios-tricot-torsade-taille-s\/","title":{"rendered":"Ensemble Bonnet et \u00c9charpe- Lola Palacios- Tricot torsad\u00e9- Taille S"},"content":{"rendered":"<p>Ensemble doux et confortable compos\u00e9 d&rsquo;un bonnet et d&rsquo;une \u00e9charpe en tricot torsad\u00e9. Chaud et l\u00e9ger.\u00a0 Id\u00e9al pour garder votre enfant au chaud en hiver<\/p>\n<p>Composition:\u00a0 100% acrylique\u00a0 doux<\/p>\n<p>Taille: S ( 1 \/ 3 ans )<\/p>\n","protected":false},"excerpt":{"rendered":"<p>Ensemble- bonnet et \u00e9charpe- Lola Palacios- En\u00a0 tricot- Point torsad\u00e9-doux l\u00e9ger et chaud &#8211; 100% Acrylique- Taille S ( 1 \/ 3 ans )<\/p>\n","protected":false},"featured_media":1364,"comment_status":"open","ping_status":"closed","template":"","meta":[],"product_brand":[],"product_cat":[33],"product_tag":[],"class_list":{"0":"post-1363","1":"product","2":"type-product","3":"status-publish","4":"has-post-thumbnail","6":"product_cat-accessoires-hiver","8":"first","9":"instock","10":"shipping-taxable","11":"purchasable","12":"product-type-simple"},"jetpack_sharing_enabled":true,"_links":{"self":[{"href":"https:\/\/tresorsdanna.com\/index.php\/wp-json\/wp\/v2\/product\/1363","targetHints":{"allow":["GET"]}}],"collection":[{"href":"https:\/\/tresorsdanna.com\/index.php\/wp-json\/wp\/v2\/product"}],"about":[{"href":"https:\/\/tresorsdanna.com\/index.php\/wp-json\/wp\/v2\/types\/product"}],"replies":[{"embeddable":true,"href":"https:\/\/tresorsdanna.com\/index.php\/wp-json\/wp\/v2\/comments?post=1363"}],"wp:featuredmedia":[{"embeddable":true,"href":"https:\/\/tresorsdanna.com\/index.php\/wp-json\/wp\/v2\/media\/1364"}],"wp:attachment":[{"href":"https:\/\/tresorsdanna.com\/index.php\/wp-json\/wp\/v2\/media?parent=1363"}],"wp:term":[{"taxonomy":"product_brand","embeddable":true,"href":"https:\/\/tresorsdanna.com\/index.php\/wp-json\/wp\/v2\/product_brand?post=1363"},{"taxonomy":"product_cat","embeddable":true,"href":"https:\/\/tresorsdanna.com\/index.php\/wp-json\/wp\/v2\/product_cat?post=1363"},{"taxonomy":"product_tag","embeddable":true,"href":"https:\/\/tresorsdanna.com\/index.php\/wp-json\/wp\/v2\/product_tag?post=1363"}],"curies":[{"name":"wp","href":"https:\/\/api.w.org\/{rel}","templated":true}]}}