{"id":1244,"date":"2025-11-14T16:13:06","date_gmt":"2025-11-14T16:13:06","guid":{"rendered":"https:\/\/tresorsdanna.com\/?post_type=product&#038;p=1244"},"modified":"2025-11-14T16:13:15","modified_gmt":"2025-11-14T16:13:15","slug":"doudoune-a-capuche-beckaro-m-13-14-ans","status":"publish","type":"product","link":"https:\/\/tresorsdanna.com\/index.php\/produit\/doudoune-a-capuche-beckaro-m-13-14-ans\/","title":{"rendered":"Doudoune \u00e0 Capuche- Beckaro- M ( 13 \/ 14 ans )"},"content":{"rendered":"<p>Doudoune chaude et l\u00e9g\u00e8re sign\u00e9e Beckaro- Bicolore noir et grenat-\u00a0 Poche zipp\u00e9 devant- cordon de serrage \u00e0 la taille- Pratique et facile d&rsquo;entretien.<\/p>\n","protected":false},"excerpt":{"rendered":"<p>Doudoune \u00e0 capuche- bicolore &#8211; poche zipp\u00e9e sur le devant- chaude- pratique et l\u00e9g\u00e8re- M ( 13 \/ 14 ans)<\/p>\n","protected":false},"featured_media":1247,"comment_status":"open","ping_status":"closed","template":"","meta":[],"product_brand":[],"product_cat":[36],"product_tag":[],"class_list":{"0":"post-1244","1":"product","2":"type-product","3":"status-publish","4":"has-post-thumbnail","6":"product_cat-doudounes-vestes-gilets","8":"first","9":"instock","10":"shipping-taxable","11":"purchasable","12":"product-type-simple"},"jetpack_sharing_enabled":true,"_links":{"self":[{"href":"https:\/\/tresorsdanna.com\/index.php\/wp-json\/wp\/v2\/product\/1244","targetHints":{"allow":["GET"]}}],"collection":[{"href":"https:\/\/tresorsdanna.com\/index.php\/wp-json\/wp\/v2\/product"}],"about":[{"href":"https:\/\/tresorsdanna.com\/index.php\/wp-json\/wp\/v2\/types\/product"}],"replies":[{"embeddable":true,"href":"https:\/\/tresorsdanna.com\/index.php\/wp-json\/wp\/v2\/comments?post=1244"}],"wp:featuredmedia":[{"embeddable":true,"href":"https:\/\/tresorsdanna.com\/index.php\/wp-json\/wp\/v2\/media\/1247"}],"wp:attachment":[{"href":"https:\/\/tresorsdanna.com\/index.php\/wp-json\/wp\/v2\/media?parent=1244"}],"wp:term":[{"taxonomy":"product_brand","embeddable":true,"href":"https:\/\/tresorsdanna.com\/index.php\/wp-json\/wp\/v2\/product_brand?post=1244"},{"taxonomy":"product_cat","embeddable":true,"href":"https:\/\/tresorsdanna.com\/index.php\/wp-json\/wp\/v2\/product_cat?post=1244"},{"taxonomy":"product_tag","embeddable":true,"href":"https:\/\/tresorsdanna.com\/index.php\/wp-json\/wp\/v2\/product_tag?post=1244"}],"curies":[{"name":"wp","href":"https:\/\/api.w.org\/{rel}","templated":true}]}}