{"id":1213,"date":"2025-11-11T20:47:11","date_gmt":"2025-11-11T20:47:11","guid":{"rendered":"https:\/\/tresorsdanna.com\/?post_type=product&#038;p=1213"},"modified":"2025-11-11T21:00:03","modified_gmt":"2025-11-11T21:00:03","slug":"robe-chasuble-chipie-velours-noir-taille-m-10-12-ans","status":"publish","type":"product","link":"https:\/\/tresorsdanna.com\/index.php\/produit\/robe-chasuble-chipie-velours-noir-taille-m-10-12-ans\/","title":{"rendered":"Robe Chasuble- Chipie &#8211; Velours- Noir &#8211; Taille M ( 10 \/ 12 ans )"},"content":{"rendered":"<p>Robe chasuble Chipie en velours noir, 100% coton. Boutonn\u00e9e sur le devant avec une coupe classique et \u00e9l\u00e9gante. Douce et confortable, id\u00e9ale pour l&rsquo;hiver avec un beau sous pull ou T-shirt. Taille M<\/p>\n","protected":false},"excerpt":{"rendered":"<p>Un look original et tendance avec cette robe chasuble boutonn\u00e9e devant, en velours noir sign\u00e9 Chipie. Taille M ( 10 \/ 12 ans )<\/p>\n","protected":false},"featured_media":1214,"comment_status":"open","ping_status":"closed","template":"","meta":[],"product_brand":[],"product_cat":[31],"product_tag":[],"class_list":{"0":"post-1213","1":"product","2":"type-product","3":"status-publish","4":"has-post-thumbnail","6":"product_cat-robes-filles","8":"first","9":"instock","10":"shipping-taxable","11":"purchasable","12":"product-type-simple"},"jetpack_sharing_enabled":true,"_links":{"self":[{"href":"https:\/\/tresorsdanna.com\/index.php\/wp-json\/wp\/v2\/product\/1213","targetHints":{"allow":["GET"]}}],"collection":[{"href":"https:\/\/tresorsdanna.com\/index.php\/wp-json\/wp\/v2\/product"}],"about":[{"href":"https:\/\/tresorsdanna.com\/index.php\/wp-json\/wp\/v2\/types\/product"}],"replies":[{"embeddable":true,"href":"https:\/\/tresorsdanna.com\/index.php\/wp-json\/wp\/v2\/comments?post=1213"}],"wp:featuredmedia":[{"embeddable":true,"href":"https:\/\/tresorsdanna.com\/index.php\/wp-json\/wp\/v2\/media\/1214"}],"wp:attachment":[{"href":"https:\/\/tresorsdanna.com\/index.php\/wp-json\/wp\/v2\/media?parent=1213"}],"wp:term":[{"taxonomy":"product_brand","embeddable":true,"href":"https:\/\/tresorsdanna.com\/index.php\/wp-json\/wp\/v2\/product_brand?post=1213"},{"taxonomy":"product_cat","embeddable":true,"href":"https:\/\/tresorsdanna.com\/index.php\/wp-json\/wp\/v2\/product_cat?post=1213"},{"taxonomy":"product_tag","embeddable":true,"href":"https:\/\/tresorsdanna.com\/index.php\/wp-json\/wp\/v2\/product_tag?post=1213"}],"curies":[{"name":"wp","href":"https:\/\/api.w.org\/{rel}","templated":true}]}}