{"id":1207,"date":"2025-11-11T20:06:00","date_gmt":"2025-11-11T20:06:00","guid":{"rendered":"https:\/\/tresorsdanna.com\/?post_type=product&#038;p=1207"},"modified":"2025-11-11T20:34:29","modified_gmt":"2025-11-11T20:34:29","slug":"pantalon-bershka-noir-motif-sailor-moon-10-12-ans","status":"publish","type":"product","link":"https:\/\/tresorsdanna.com\/index.php\/produit\/pantalon-bershka-noir-motif-sailor-moon-10-12-ans\/","title":{"rendered":"Pantalon-Bershka- Noir- Motif Sailor Moon- 10 \/ 12 ans"},"content":{"rendered":"<p>Pantalon de surv\u00eatement\u00a0 Bershka noir, orn\u00e9 d&rsquo;une impression Sailor Moon sur la jambe. Coupe confortable avec taille \u00e9lastiqu\u00e9. Tissu doux et agr\u00e9able \u00e0 porter- Taille 10 \/ 12 ans<\/p>\n","protected":false},"excerpt":{"rendered":"<p>Pantalon de surv\u00eatement- coton doux et confortable- sign\u00e9 Bershka- Taille \u00e9lastiqu\u00e9e- confortable et styl\u00e9- 10 \/ 12 ans ( 152 cm )<\/p>\n","protected":false},"featured_media":1208,"comment_status":"open","ping_status":"closed","template":"","meta":[],"product_brand":[],"product_cat":[29],"product_tag":[],"class_list":{"0":"post-1207","1":"product","2":"type-product","3":"status-publish","4":"has-post-thumbnail","6":"product_cat-pantalons-filles","8":"first","9":"instock","10":"shipping-taxable","11":"purchasable","12":"product-type-simple"},"jetpack_sharing_enabled":true,"_links":{"self":[{"href":"https:\/\/tresorsdanna.com\/index.php\/wp-json\/wp\/v2\/product\/1207","targetHints":{"allow":["GET"]}}],"collection":[{"href":"https:\/\/tresorsdanna.com\/index.php\/wp-json\/wp\/v2\/product"}],"about":[{"href":"https:\/\/tresorsdanna.com\/index.php\/wp-json\/wp\/v2\/types\/product"}],"replies":[{"embeddable":true,"href":"https:\/\/tresorsdanna.com\/index.php\/wp-json\/wp\/v2\/comments?post=1207"}],"wp:featuredmedia":[{"embeddable":true,"href":"https:\/\/tresorsdanna.com\/index.php\/wp-json\/wp\/v2\/media\/1208"}],"wp:attachment":[{"href":"https:\/\/tresorsdanna.com\/index.php\/wp-json\/wp\/v2\/media?parent=1207"}],"wp:term":[{"taxonomy":"product_brand","embeddable":true,"href":"https:\/\/tresorsdanna.com\/index.php\/wp-json\/wp\/v2\/product_brand?post=1207"},{"taxonomy":"product_cat","embeddable":true,"href":"https:\/\/tresorsdanna.com\/index.php\/wp-json\/wp\/v2\/product_cat?post=1207"},{"taxonomy":"product_tag","embeddable":true,"href":"https:\/\/tresorsdanna.com\/index.php\/wp-json\/wp\/v2\/product_tag?post=1207"}],"curies":[{"name":"wp","href":"https:\/\/api.w.org\/{rel}","templated":true}]}}