{"id":1204,"date":"2025-11-11T19:13:20","date_gmt":"2025-11-11T19:13:20","guid":{"rendered":"https:\/\/tresorsdanna.com\/?post_type=product&#038;p=1204"},"modified":"2025-11-14T11:05:12","modified_gmt":"2025-11-14T11:05:12","slug":"legging-gris-3-pommes-effet-brillant-9-12-ans","status":"publish","type":"product","link":"https:\/\/tresorsdanna.com\/index.php\/produit\/legging-gris-3-pommes-effet-brillant-9-12-ans\/","title":{"rendered":"Legging- Gris-3 Pommes- Effet Brillant- 9 \/ 12 ans"},"content":{"rendered":"<p>Legging 3 Pommes gris, \u00e0 l&rsquo;aspect brillant pour un look chic et confortable. Tissu souple et extensible, parfait pour les premiers pas. facile \u00e0 enfiler- id\u00e9al pour le quotidien. Taille 9 \/ 12 mois<\/p>\n<p>Composition: 91% Polyester- 9% \u00e9lasthanne.<\/p>\n","protected":false},"excerpt":{"rendered":"<p>Un legging gris brillant avec\u00a0 petit motif d\u00e9coratif- sign\u00e9 3 Pommes &#8211; souple, \u00e9l\u00e9gant et agr\u00e9able \u00e0 porter- 9 \/ 12 mois<\/p>\n","protected":false},"featured_media":1206,"comment_status":"open","ping_status":"closed","template":"","meta":[],"product_brand":[],"product_cat":[29],"product_tag":[],"class_list":{"0":"post-1204","1":"product","2":"type-product","3":"status-publish","4":"has-post-thumbnail","6":"product_cat-pantalons-filles","8":"first","9":"instock","10":"shipping-taxable","11":"purchasable","12":"product-type-simple"},"jetpack_sharing_enabled":true,"_links":{"self":[{"href":"https:\/\/tresorsdanna.com\/index.php\/wp-json\/wp\/v2\/product\/1204","targetHints":{"allow":["GET"]}}],"collection":[{"href":"https:\/\/tresorsdanna.com\/index.php\/wp-json\/wp\/v2\/product"}],"about":[{"href":"https:\/\/tresorsdanna.com\/index.php\/wp-json\/wp\/v2\/types\/product"}],"replies":[{"embeddable":true,"href":"https:\/\/tresorsdanna.com\/index.php\/wp-json\/wp\/v2\/comments?post=1204"}],"wp:featuredmedia":[{"embeddable":true,"href":"https:\/\/tresorsdanna.com\/index.php\/wp-json\/wp\/v2\/media\/1206"}],"wp:attachment":[{"href":"https:\/\/tresorsdanna.com\/index.php\/wp-json\/wp\/v2\/media?parent=1204"}],"wp:term":[{"taxonomy":"product_brand","embeddable":true,"href":"https:\/\/tresorsdanna.com\/index.php\/wp-json\/wp\/v2\/product_brand?post=1204"},{"taxonomy":"product_cat","embeddable":true,"href":"https:\/\/tresorsdanna.com\/index.php\/wp-json\/wp\/v2\/product_cat?post=1204"},{"taxonomy":"product_tag","embeddable":true,"href":"https:\/\/tresorsdanna.com\/index.php\/wp-json\/wp\/v2\/product_tag?post=1204"}],"curies":[{"name":"wp","href":"https:\/\/api.w.org\/{rel}","templated":true}]}}