{"id":1196,"date":"2025-11-11T07:09:20","date_gmt":"2025-11-11T07:09:20","guid":{"rendered":"https:\/\/tresorsdanna.com\/?post_type=product&#038;p=1196"},"modified":"2025-11-11T08:09:08","modified_gmt":"2025-11-11T08:09:08","slug":"legging-ovs-vert-kaki-ceinture-elastique-argente-14-15-170-cm","status":"publish","type":"product","link":"https:\/\/tresorsdanna.com\/index.php\/produit\/legging-ovs-vert-kaki-ceinture-elastique-argente-14-15-170-cm\/","title":{"rendered":"Legging- OVS- Vert Kaki- Ceinture \u00c9lastique Argent\u00e9-14 \/15 ( 170 cm)"},"content":{"rendered":"<p>Legging OVS vert kaki, coupe ajust\u00e9e et confortable. La ceinture \u00e9lastique argent\u00e9e apporte une touche lumineuse. Mati\u00e8re douce et extensible; 96% coton, 4% \u00e9lasthanne. Taille 170 cm ( plus de 14 ans )<\/p>\n","protected":false},"excerpt":{"rendered":"<p>Legging Kaki OVS- Doux, confortable et extensible- ceinture \u00e9lastique argent\u00e9- souple et moderne- 14\/ 15 ans<\/p>\n","protected":false},"featured_media":1197,"comment_status":"open","ping_status":"closed","template":"","meta":[],"product_brand":[],"product_cat":[29],"product_tag":[],"class_list":{"0":"post-1196","1":"product","2":"type-product","3":"status-publish","4":"has-post-thumbnail","6":"product_cat-pantalons-filles","8":"first","9":"instock","10":"shipping-taxable","11":"purchasable","12":"product-type-simple"},"jetpack_sharing_enabled":true,"_links":{"self":[{"href":"https:\/\/tresorsdanna.com\/index.php\/wp-json\/wp\/v2\/product\/1196","targetHints":{"allow":["GET"]}}],"collection":[{"href":"https:\/\/tresorsdanna.com\/index.php\/wp-json\/wp\/v2\/product"}],"about":[{"href":"https:\/\/tresorsdanna.com\/index.php\/wp-json\/wp\/v2\/types\/product"}],"replies":[{"embeddable":true,"href":"https:\/\/tresorsdanna.com\/index.php\/wp-json\/wp\/v2\/comments?post=1196"}],"wp:featuredmedia":[{"embeddable":true,"href":"https:\/\/tresorsdanna.com\/index.php\/wp-json\/wp\/v2\/media\/1197"}],"wp:attachment":[{"href":"https:\/\/tresorsdanna.com\/index.php\/wp-json\/wp\/v2\/media?parent=1196"}],"wp:term":[{"taxonomy":"product_brand","embeddable":true,"href":"https:\/\/tresorsdanna.com\/index.php\/wp-json\/wp\/v2\/product_brand?post=1196"},{"taxonomy":"product_cat","embeddable":true,"href":"https:\/\/tresorsdanna.com\/index.php\/wp-json\/wp\/v2\/product_cat?post=1196"},{"taxonomy":"product_tag","embeddable":true,"href":"https:\/\/tresorsdanna.com\/index.php\/wp-json\/wp\/v2\/product_tag?post=1196"}],"curies":[{"name":"wp","href":"https:\/\/api.w.org\/{rel}","templated":true}]}}