{"id":1192,"date":"2025-11-11T06:36:44","date_gmt":"2025-11-11T06:36:44","guid":{"rendered":"https:\/\/tresorsdanna.com\/?post_type=product&#038;p=1192"},"modified":"2025-11-11T07:02:05","modified_gmt":"2025-11-11T07:02:05","slug":"pantacourt-mexx-fluide-effet-satine-146-cm-11ans","status":"publish","type":"product","link":"https:\/\/tresorsdanna.com\/index.php\/produit\/pantacourt-mexx-fluide-effet-satine-146-cm-11ans\/","title":{"rendered":"Pantacourt- MEXX- Fluide- Effet Satin\u00e9- 146 cm-11ans"},"content":{"rendered":"<p>Pantacourt fluide MEXX en tissu satin\u00e9, \u00e9lgant et l\u00e9ger. Taille \u00e9lastique pour un bon confort. Poches lat\u00e9rales d\u00e9cor\u00e9es de boutons argent\u00e9s. Loggo MEXX sur le cot\u00e9. Mati\u00e8re douce et tomb\u00e9 impeccable. 100% polyester. Facile \u00e0 enfiler- facile \u00e0 entretenir- 11 ans<\/p>\n","protected":false},"excerpt":{"rendered":"<p>Pantacourt l\u00e9ger- fluide- satin\u00e9- chic et confortable- sign\u00e9 MEXX- 11 ans ( 146 cm )<\/p>\n","protected":false},"featured_media":1193,"comment_status":"open","ping_status":"closed","template":"","meta":[],"product_brand":[],"product_cat":[29],"product_tag":[],"class_list":{"0":"post-1192","1":"product","2":"type-product","3":"status-publish","4":"has-post-thumbnail","6":"product_cat-pantalons-filles","8":"first","9":"instock","10":"shipping-taxable","11":"purchasable","12":"product-type-simple"},"jetpack_sharing_enabled":true,"_links":{"self":[{"href":"https:\/\/tresorsdanna.com\/index.php\/wp-json\/wp\/v2\/product\/1192","targetHints":{"allow":["GET"]}}],"collection":[{"href":"https:\/\/tresorsdanna.com\/index.php\/wp-json\/wp\/v2\/product"}],"about":[{"href":"https:\/\/tresorsdanna.com\/index.php\/wp-json\/wp\/v2\/types\/product"}],"replies":[{"embeddable":true,"href":"https:\/\/tresorsdanna.com\/index.php\/wp-json\/wp\/v2\/comments?post=1192"}],"wp:featuredmedia":[{"embeddable":true,"href":"https:\/\/tresorsdanna.com\/index.php\/wp-json\/wp\/v2\/media\/1193"}],"wp:attachment":[{"href":"https:\/\/tresorsdanna.com\/index.php\/wp-json\/wp\/v2\/media?parent=1192"}],"wp:term":[{"taxonomy":"product_brand","embeddable":true,"href":"https:\/\/tresorsdanna.com\/index.php\/wp-json\/wp\/v2\/product_brand?post=1192"},{"taxonomy":"product_cat","embeddable":true,"href":"https:\/\/tresorsdanna.com\/index.php\/wp-json\/wp\/v2\/product_cat?post=1192"},{"taxonomy":"product_tag","embeddable":true,"href":"https:\/\/tresorsdanna.com\/index.php\/wp-json\/wp\/v2\/product_tag?post=1192"}],"curies":[{"name":"wp","href":"https:\/\/api.w.org\/{rel}","templated":true}]}}