{"id":1188,"date":"2025-11-10T21:00:19","date_gmt":"2025-11-10T21:00:19","guid":{"rendered":"https:\/\/tresorsdanna.com\/?post_type=product&#038;p=1188"},"modified":"2025-11-10T21:23:46","modified_gmt":"2025-11-10T21:23:46","slug":"legging-lefties-13-14-ans-unis-et-a-motifs","status":"publish","type":"product","link":"https:\/\/tresorsdanna.com\/index.php\/produit\/legging-lefties-13-14-ans-unis-et-a-motifs\/","title":{"rendered":"Legging Lefties- 13 \/ 14 ans- Unis et \u00e0 Motifs"},"content":{"rendered":"<p>Lot de Leggings Lefties en coton stretch doux. Coloris vari\u00e9s: un jaune, un rose uni, un gris \u00e0 pois noirs et un \u00e0 carreaux noir et blanc Tissu extensible ( 97% coton, 3% \u00e9lasthanne ) pour un confort parfait et une belle tenue. Facile \u00e0 associer; id\u00e9al pour un look frais et d\u00e9contract\u00e9.<\/p>\n<p>Mod\u00e8les vendus s\u00e9par\u00e9ment. 2200 DA l&rsquo;unit\u00e9<\/p>\n","protected":false},"excerpt":{"rendered":"<p>Leggings Lefties- coton stretch &#8211; souples et confortable- coloris vari\u00e9s- Facile \u00e0 assortir- 13 \/ 14 ans<\/p>\n","protected":false},"featured_media":1189,"comment_status":"open","ping_status":"closed","template":"","meta":[],"product_brand":[],"product_cat":[29],"product_tag":[],"class_list":{"0":"post-1188","1":"product","2":"type-product","3":"status-publish","4":"has-post-thumbnail","6":"product_cat-pantalons-filles","8":"first","9":"instock","10":"shipping-taxable","11":"purchasable","12":"product-type-simple"},"jetpack_sharing_enabled":true,"_links":{"self":[{"href":"https:\/\/tresorsdanna.com\/index.php\/wp-json\/wp\/v2\/product\/1188","targetHints":{"allow":["GET"]}}],"collection":[{"href":"https:\/\/tresorsdanna.com\/index.php\/wp-json\/wp\/v2\/product"}],"about":[{"href":"https:\/\/tresorsdanna.com\/index.php\/wp-json\/wp\/v2\/types\/product"}],"replies":[{"embeddable":true,"href":"https:\/\/tresorsdanna.com\/index.php\/wp-json\/wp\/v2\/comments?post=1188"}],"wp:featuredmedia":[{"embeddable":true,"href":"https:\/\/tresorsdanna.com\/index.php\/wp-json\/wp\/v2\/media\/1189"}],"wp:attachment":[{"href":"https:\/\/tresorsdanna.com\/index.php\/wp-json\/wp\/v2\/media?parent=1188"}],"wp:term":[{"taxonomy":"product_brand","embeddable":true,"href":"https:\/\/tresorsdanna.com\/index.php\/wp-json\/wp\/v2\/product_brand?post=1188"},{"taxonomy":"product_cat","embeddable":true,"href":"https:\/\/tresorsdanna.com\/index.php\/wp-json\/wp\/v2\/product_cat?post=1188"},{"taxonomy":"product_tag","embeddable":true,"href":"https:\/\/tresorsdanna.com\/index.php\/wp-json\/wp\/v2\/product_tag?post=1188"}],"curies":[{"name":"wp","href":"https:\/\/api.w.org\/{rel}","templated":true}]}}