{"id":1172,"date":"2025-11-10T16:15:10","date_gmt":"2025-11-10T16:15:10","guid":{"rendered":"https:\/\/tresorsdanna.com\/?post_type=product&#038;p=1172"},"modified":"2025-11-10T16:29:36","modified_gmt":"2025-11-10T16:29:36","slug":"pantalon-rouge-confort-canada-kids-12-ans","status":"publish","type":"product","link":"https:\/\/tresorsdanna.com\/index.php\/produit\/pantalon-rouge-confort-canada-kids-12-ans\/","title":{"rendered":"Pantalon Rouge &#8211; Confort &#8211; Canada Kids- 12 ans"},"content":{"rendered":"<p>Pantalon Canada Kids rouge ; coupe confort en coton m\u00e9lang\u00e9 60% coton, 40% polyester. Taille \u00e9lastique avec cordon de serrage pour un ajustement parfait. Tissu doux et agr\u00e9able. Fabriqu\u00e9 en Espagne. Un mod\u00e8le simple et pratique pour un usage quotidien<\/p>\n","protected":false},"excerpt":{"rendered":"<p>Pantalon rouge confort- Canada Kids-belle coupe droite- doux et confortable- 12 ans<\/p>\n","protected":false},"featured_media":1173,"comment_status":"open","ping_status":"closed","template":"","meta":[],"product_brand":[],"product_cat":[29],"product_tag":[],"class_list":{"0":"post-1172","1":"product","2":"type-product","3":"status-publish","4":"has-post-thumbnail","6":"product_cat-pantalons-filles","8":"first","9":"instock","10":"shipping-taxable","11":"purchasable","12":"product-type-simple"},"jetpack_sharing_enabled":true,"_links":{"self":[{"href":"https:\/\/tresorsdanna.com\/index.php\/wp-json\/wp\/v2\/product\/1172","targetHints":{"allow":["GET"]}}],"collection":[{"href":"https:\/\/tresorsdanna.com\/index.php\/wp-json\/wp\/v2\/product"}],"about":[{"href":"https:\/\/tresorsdanna.com\/index.php\/wp-json\/wp\/v2\/types\/product"}],"replies":[{"embeddable":true,"href":"https:\/\/tresorsdanna.com\/index.php\/wp-json\/wp\/v2\/comments?post=1172"}],"wp:featuredmedia":[{"embeddable":true,"href":"https:\/\/tresorsdanna.com\/index.php\/wp-json\/wp\/v2\/media\/1173"}],"wp:attachment":[{"href":"https:\/\/tresorsdanna.com\/index.php\/wp-json\/wp\/v2\/media?parent=1172"}],"wp:term":[{"taxonomy":"product_brand","embeddable":true,"href":"https:\/\/tresorsdanna.com\/index.php\/wp-json\/wp\/v2\/product_brand?post=1172"},{"taxonomy":"product_cat","embeddable":true,"href":"https:\/\/tresorsdanna.com\/index.php\/wp-json\/wp\/v2\/product_cat?post=1172"},{"taxonomy":"product_tag","embeddable":true,"href":"https:\/\/tresorsdanna.com\/index.php\/wp-json\/wp\/v2\/product_tag?post=1172"}],"curies":[{"name":"wp","href":"https:\/\/api.w.org\/{rel}","templated":true}]}}