{"id":1160,"date":"2025-11-09T21:01:06","date_gmt":"2025-11-09T21:01:06","guid":{"rendered":"https:\/\/tresorsdanna.com\/?post_type=product&#038;p=1160"},"modified":"2025-11-14T08:16:13","modified_gmt":"2025-11-14T08:16:13","slug":"pantalon-name-it-rouge-ruban-blanc-argent-12-ans","status":"publish","type":"product","link":"https:\/\/tresorsdanna.com\/index.php\/produit\/pantalon-name-it-rouge-ruban-blanc-argent-12-ans\/","title":{"rendered":"Pantalon-Name It-Rouge- Ruban blanc- Argent- 12 ans"},"content":{"rendered":"<p>pantalon Name It souple et \u00e9l\u00e9gant, compos\u00e9 de 57% viscose, 37% Nylon et 6% \u00e9lasthanne. Taille r\u00e9glable avec cordon ajustable pour plus de confort. Un joli ruban blanc et argent\u00e9 le long des jambes ajoutent une touche brillante et moderne. Parfait pour un look chic et d\u00e9contract\u00e9.<\/p>\n","protected":false},"excerpt":{"rendered":"<p>Pantalon rouge- souple et fluide sign\u00e9 Name It- belle coupe- ruban blanc et argent- taille r\u00e9glable- 12 ans<\/p>\n","protected":false},"featured_media":1161,"comment_status":"open","ping_status":"closed","template":"","meta":[],"product_brand":[],"product_cat":[29],"product_tag":[],"class_list":{"0":"post-1160","1":"product","2":"type-product","3":"status-publish","4":"has-post-thumbnail","6":"product_cat-pantalons-filles","8":"first","9":"instock","10":"shipping-taxable","11":"purchasable","12":"product-type-simple"},"jetpack_sharing_enabled":true,"_links":{"self":[{"href":"https:\/\/tresorsdanna.com\/index.php\/wp-json\/wp\/v2\/product\/1160","targetHints":{"allow":["GET"]}}],"collection":[{"href":"https:\/\/tresorsdanna.com\/index.php\/wp-json\/wp\/v2\/product"}],"about":[{"href":"https:\/\/tresorsdanna.com\/index.php\/wp-json\/wp\/v2\/types\/product"}],"replies":[{"embeddable":true,"href":"https:\/\/tresorsdanna.com\/index.php\/wp-json\/wp\/v2\/comments?post=1160"}],"wp:featuredmedia":[{"embeddable":true,"href":"https:\/\/tresorsdanna.com\/index.php\/wp-json\/wp\/v2\/media\/1161"}],"wp:attachment":[{"href":"https:\/\/tresorsdanna.com\/index.php\/wp-json\/wp\/v2\/media?parent=1160"}],"wp:term":[{"taxonomy":"product_brand","embeddable":true,"href":"https:\/\/tresorsdanna.com\/index.php\/wp-json\/wp\/v2\/product_brand?post=1160"},{"taxonomy":"product_cat","embeddable":true,"href":"https:\/\/tresorsdanna.com\/index.php\/wp-json\/wp\/v2\/product_cat?post=1160"},{"taxonomy":"product_tag","embeddable":true,"href":"https:\/\/tresorsdanna.com\/index.php\/wp-json\/wp\/v2\/product_tag?post=1160"}],"curies":[{"name":"wp","href":"https:\/\/api.w.org\/{rel}","templated":true}]}}