{"id":1143,"date":"2025-11-09T09:01:01","date_gmt":"2025-11-09T09:01:01","guid":{"rendered":"https:\/\/tresorsdanna.com\/?post_type=product&#038;p=1143"},"modified":"2025-11-14T11:07:47","modified_gmt":"2025-11-14T11:07:47","slug":"pantalon-jean-jean-bourget-taille-ajustable-3-ans","status":"publish","type":"product","link":"https:\/\/tresorsdanna.com\/index.php\/produit\/pantalon-jean-jean-bourget-taille-ajustable-3-ans\/","title":{"rendered":"Pantalon jean- Jean Bourget- Taille ajustable-3 ans"},"content":{"rendered":"<p>Pantalon jean,\u00a0 Jean Bourget en denim bleu, orn\u00e9 de petits clous le long des jambes pour une touche chic et moderne. Taille ajustable \u00e0 l&rsquo;int\u00e9rieur pour un meilleur confort. Finitions frang\u00e9e en bas des jambes. Tissu souple 99% coton et 1% \u00e9lasthanne pour une coupe confortable et bien tenue.<\/p>\n","protected":false},"excerpt":{"rendered":"<p>Jean clout\u00e9 sign\u00e9 Jean Bourget- coupe travaill\u00e9e- finitions soign\u00e9es- taille r\u00e9glable- bas frang\u00e9- 3 ans.<\/p>\n","protected":false},"featured_media":1144,"comment_status":"open","ping_status":"closed","template":"","meta":[],"product_brand":[],"product_cat":[29],"product_tag":[],"class_list":{"0":"post-1143","1":"product","2":"type-product","3":"status-publish","4":"has-post-thumbnail","6":"product_cat-pantalons-filles","8":"first","9":"instock","10":"shipping-taxable","11":"purchasable","12":"product-type-simple"},"jetpack_sharing_enabled":true,"_links":{"self":[{"href":"https:\/\/tresorsdanna.com\/index.php\/wp-json\/wp\/v2\/product\/1143","targetHints":{"allow":["GET"]}}],"collection":[{"href":"https:\/\/tresorsdanna.com\/index.php\/wp-json\/wp\/v2\/product"}],"about":[{"href":"https:\/\/tresorsdanna.com\/index.php\/wp-json\/wp\/v2\/types\/product"}],"replies":[{"embeddable":true,"href":"https:\/\/tresorsdanna.com\/index.php\/wp-json\/wp\/v2\/comments?post=1143"}],"wp:featuredmedia":[{"embeddable":true,"href":"https:\/\/tresorsdanna.com\/index.php\/wp-json\/wp\/v2\/media\/1144"}],"wp:attachment":[{"href":"https:\/\/tresorsdanna.com\/index.php\/wp-json\/wp\/v2\/media?parent=1143"}],"wp:term":[{"taxonomy":"product_brand","embeddable":true,"href":"https:\/\/tresorsdanna.com\/index.php\/wp-json\/wp\/v2\/product_brand?post=1143"},{"taxonomy":"product_cat","embeddable":true,"href":"https:\/\/tresorsdanna.com\/index.php\/wp-json\/wp\/v2\/product_cat?post=1143"},{"taxonomy":"product_tag","embeddable":true,"href":"https:\/\/tresorsdanna.com\/index.php\/wp-json\/wp\/v2\/product_tag?post=1143"}],"curies":[{"name":"wp","href":"https:\/\/api.w.org\/{rel}","templated":true}]}}