{"id":1137,"date":"2025-11-09T07:55:51","date_gmt":"2025-11-09T07:55:51","guid":{"rendered":"https:\/\/tresorsdanna.com\/?post_type=product&#038;p=1137"},"modified":"2025-11-14T11:08:18","modified_gmt":"2025-11-14T11:08:18","slug":"pantalon-miniman-bleu-ciel-coton-12-ans","status":"publish","type":"product","link":"https:\/\/tresorsdanna.com\/index.php\/produit\/pantalon-miniman-bleu-ciel-coton-12-ans\/","title":{"rendered":"Pantalon-Miniman- Bleu ciel- Coton- 12 ans"},"content":{"rendered":"<p>Pantalon Miniman en coton doux bleu ciel. Coupe d\u00e9contract\u00e9e avec poches lat\u00e9rales devant et poches plaqu\u00e9es \u00e0 l&rsquo;arri\u00e8re. Taille \u00e9lastiqu\u00e9e avec cordon ajustable pour un bon maintien et plus de confort. Un basique \u00e9l\u00e9gant, pratique et confortable, id\u00e9al pour le quotidien.<\/p>\n","protected":false},"excerpt":{"rendered":"<p>Pantalon- bleu ciel- sign\u00e9 Miniman- coton 100%- poches et cordon \u00e0 la taille-confortable et styl\u00e9- 12 ans<\/p>\n","protected":false},"featured_media":1138,"comment_status":"open","ping_status":"closed","template":"","meta":[],"product_brand":[],"product_cat":[29],"product_tag":[],"class_list":{"0":"post-1137","1":"product","2":"type-product","3":"status-publish","4":"has-post-thumbnail","6":"product_cat-pantalons-filles","8":"first","9":"instock","10":"shipping-taxable","11":"purchasable","12":"product-type-simple"},"jetpack_sharing_enabled":true,"_links":{"self":[{"href":"https:\/\/tresorsdanna.com\/index.php\/wp-json\/wp\/v2\/product\/1137","targetHints":{"allow":["GET"]}}],"collection":[{"href":"https:\/\/tresorsdanna.com\/index.php\/wp-json\/wp\/v2\/product"}],"about":[{"href":"https:\/\/tresorsdanna.com\/index.php\/wp-json\/wp\/v2\/types\/product"}],"replies":[{"embeddable":true,"href":"https:\/\/tresorsdanna.com\/index.php\/wp-json\/wp\/v2\/comments?post=1137"}],"wp:featuredmedia":[{"embeddable":true,"href":"https:\/\/tresorsdanna.com\/index.php\/wp-json\/wp\/v2\/media\/1138"}],"wp:attachment":[{"href":"https:\/\/tresorsdanna.com\/index.php\/wp-json\/wp\/v2\/media?parent=1137"}],"wp:term":[{"taxonomy":"product_brand","embeddable":true,"href":"https:\/\/tresorsdanna.com\/index.php\/wp-json\/wp\/v2\/product_brand?post=1137"},{"taxonomy":"product_cat","embeddable":true,"href":"https:\/\/tresorsdanna.com\/index.php\/wp-json\/wp\/v2\/product_cat?post=1137"},{"taxonomy":"product_tag","embeddable":true,"href":"https:\/\/tresorsdanna.com\/index.php\/wp-json\/wp\/v2\/product_tag?post=1137"}],"curies":[{"name":"wp","href":"https:\/\/api.w.org\/{rel}","templated":true}]}}