{"id":1128,"date":"2025-11-08T06:48:17","date_gmt":"2025-11-08T06:48:17","guid":{"rendered":"https:\/\/tresorsdanna.com\/?post_type=product&#038;p=1128"},"modified":"2025-11-21T15:27:19","modified_gmt":"2025-11-21T15:27:19","slug":"legging-name-it-gris-fonce-coton-bio-9-12-mois","status":"publish","type":"product","link":"https:\/\/tresorsdanna.com\/index.php\/produit\/legging-name-it-gris-fonce-coton-bio-9-12-mois\/","title":{"rendered":"Legging- Name It- Gris Fonc\u00e9- Coton Bio- 9 \/ 12 Mois"},"content":{"rendered":"<p>Ce legging Name It en coton bio allie douceur et praticit\u00e9. Sa coupe ajust\u00e9e, dot\u00e9e de vrais poches offre un look moderne et d\u00e9contract\u00e9. Confort et style pour b\u00e9b\u00e9.<\/p>\n","protected":false},"excerpt":{"rendered":"<p>Un pantalon legging- Name It -Gris fonc\u00e9- Coupe confortable -Poches devant et derri\u00e8re- en coton bio 100%.-9\/ 12\u00a0 mois<\/p>\n","protected":false},"featured_media":1131,"comment_status":"open","ping_status":"closed","template":"","meta":[],"product_brand":[],"product_cat":[28],"product_tag":[],"class_list":{"0":"post-1128","1":"product","2":"type-product","3":"status-publish","4":"has-post-thumbnail","6":"product_cat-pantalon-garcons","8":"first","9":"instock","10":"shipping-taxable","11":"purchasable","12":"product-type-simple"},"jetpack_sharing_enabled":true,"_links":{"self":[{"href":"https:\/\/tresorsdanna.com\/index.php\/wp-json\/wp\/v2\/product\/1128","targetHints":{"allow":["GET"]}}],"collection":[{"href":"https:\/\/tresorsdanna.com\/index.php\/wp-json\/wp\/v2\/product"}],"about":[{"href":"https:\/\/tresorsdanna.com\/index.php\/wp-json\/wp\/v2\/types\/product"}],"replies":[{"embeddable":true,"href":"https:\/\/tresorsdanna.com\/index.php\/wp-json\/wp\/v2\/comments?post=1128"}],"wp:featuredmedia":[{"embeddable":true,"href":"https:\/\/tresorsdanna.com\/index.php\/wp-json\/wp\/v2\/media\/1131"}],"wp:attachment":[{"href":"https:\/\/tresorsdanna.com\/index.php\/wp-json\/wp\/v2\/media?parent=1128"}],"wp:term":[{"taxonomy":"product_brand","embeddable":true,"href":"https:\/\/tresorsdanna.com\/index.php\/wp-json\/wp\/v2\/product_brand?post=1128"},{"taxonomy":"product_cat","embeddable":true,"href":"https:\/\/tresorsdanna.com\/index.php\/wp-json\/wp\/v2\/product_cat?post=1128"},{"taxonomy":"product_tag","embeddable":true,"href":"https:\/\/tresorsdanna.com\/index.php\/wp-json\/wp\/v2\/product_tag?post=1128"}],"curies":[{"name":"wp","href":"https:\/\/api.w.org\/{rel}","templated":true}]}}