{"id":1120,"date":"2025-11-07T20:42:20","date_gmt":"2025-11-07T20:42:20","guid":{"rendered":"https:\/\/tresorsdanna.com\/?post_type=product&#038;p=1120"},"modified":"2025-11-21T15:28:25","modified_gmt":"2025-11-21T15:28:25","slug":"bas-de-survetement-turquoise-cordon-rose-a-la-taille-9-mois","status":"publish","type":"product","link":"https:\/\/tresorsdanna.com\/index.php\/produit\/bas-de-survetement-turquoise-cordon-rose-a-la-taille-9-mois\/","title":{"rendered":"Bas de surv\u00eatement &#8211; Turquoise- cordon rose \u00e0 la Taille- 9 mois"},"content":{"rendered":"<p>Ce bas de suv\u00eatement turquoise allie confort et style. En coton 100%, il offre une grande douceur sur la peau. Le cordon fuchsia \u00e0 la taille apporte une touche vive et girly. Jolie coupe souple et pratique pour une libert\u00e9 de mouvements.<\/p>\n","protected":false},"excerpt":{"rendered":"<p>Un pantalon de sport confortable et color\u00e9 en coton 100%. Codon fuchsia \u00e0 la taille- jolie coupe souple -9 mois<\/p>\n","protected":false},"featured_media":1121,"comment_status":"open","ping_status":"closed","template":"","meta":[],"product_brand":[],"product_cat":[29],"product_tag":[],"class_list":{"0":"post-1120","1":"product","2":"type-product","3":"status-publish","4":"has-post-thumbnail","6":"product_cat-pantalons-filles","8":"first","9":"instock","10":"shipping-taxable","11":"purchasable","12":"product-type-simple"},"jetpack_sharing_enabled":true,"_links":{"self":[{"href":"https:\/\/tresorsdanna.com\/index.php\/wp-json\/wp\/v2\/product\/1120","targetHints":{"allow":["GET"]}}],"collection":[{"href":"https:\/\/tresorsdanna.com\/index.php\/wp-json\/wp\/v2\/product"}],"about":[{"href":"https:\/\/tresorsdanna.com\/index.php\/wp-json\/wp\/v2\/types\/product"}],"replies":[{"embeddable":true,"href":"https:\/\/tresorsdanna.com\/index.php\/wp-json\/wp\/v2\/comments?post=1120"}],"wp:featuredmedia":[{"embeddable":true,"href":"https:\/\/tresorsdanna.com\/index.php\/wp-json\/wp\/v2\/media\/1121"}],"wp:attachment":[{"href":"https:\/\/tresorsdanna.com\/index.php\/wp-json\/wp\/v2\/media?parent=1120"}],"wp:term":[{"taxonomy":"product_brand","embeddable":true,"href":"https:\/\/tresorsdanna.com\/index.php\/wp-json\/wp\/v2\/product_brand?post=1120"},{"taxonomy":"product_cat","embeddable":true,"href":"https:\/\/tresorsdanna.com\/index.php\/wp-json\/wp\/v2\/product_cat?post=1120"},{"taxonomy":"product_tag","embeddable":true,"href":"https:\/\/tresorsdanna.com\/index.php\/wp-json\/wp\/v2\/product_tag?post=1120"}],"curies":[{"name":"wp","href":"https:\/\/api.w.org\/{rel}","templated":true}]}}