{"id":1116,"date":"2025-11-07T19:49:00","date_gmt":"2025-11-07T19:49:00","guid":{"rendered":"https:\/\/tresorsdanna.com\/?post_type=product&#038;p=1116"},"modified":"2025-11-21T15:28:55","modified_gmt":"2025-11-21T15:28:55","slug":"cardigan-nacre-lulu-gaufrette-fourrure-douce-12-mois","status":"publish","type":"product","link":"https:\/\/tresorsdanna.com\/index.php\/produit\/cardigan-nacre-lulu-gaufrette-fourrure-douce-12-mois\/","title":{"rendered":"Cardigan Nacr\u00e9- Lulu gaufrette- fourrure douce- 12 Mois"},"content":{"rendered":"<p>Un petit cardigan chic au contraste \u00e9l\u00e9gant sign\u00e9 Lulu gaufrette s\u00e9duit par son m\u00e9lange de mati\u00e8re: ext\u00e9rieur doux et l\u00e9g\u00e8rement satin\u00e9, int\u00e9rieur noir doux et confortable. Les deux petits n\u0153uds sur le devant ajoutent une note coquette. Fermeture \u00e0 pressions. Id\u00e9al pour les occasions.<\/p>\n","protected":false},"excerpt":{"rendered":"<p>Cardigan Blanc Nacr\u00e9- Ext\u00e9rieur doux 100% polyester et int\u00e9rieur noir en 100% viscose. Deux petits n\u0153uds d\u00e9corent le devant- facile \u00e0 assortir- 12 mois<\/p>\n","protected":false},"featured_media":1117,"comment_status":"open","ping_status":"closed","template":"","meta":[],"product_brand":[],"product_cat":[36],"product_tag":[],"class_list":{"0":"post-1116","1":"product","2":"type-product","3":"status-publish","4":"has-post-thumbnail","6":"product_cat-doudounes-vestes-gilets","8":"first","9":"instock","10":"shipping-taxable","11":"purchasable","12":"product-type-simple"},"jetpack_sharing_enabled":true,"_links":{"self":[{"href":"https:\/\/tresorsdanna.com\/index.php\/wp-json\/wp\/v2\/product\/1116","targetHints":{"allow":["GET"]}}],"collection":[{"href":"https:\/\/tresorsdanna.com\/index.php\/wp-json\/wp\/v2\/product"}],"about":[{"href":"https:\/\/tresorsdanna.com\/index.php\/wp-json\/wp\/v2\/types\/product"}],"replies":[{"embeddable":true,"href":"https:\/\/tresorsdanna.com\/index.php\/wp-json\/wp\/v2\/comments?post=1116"}],"wp:featuredmedia":[{"embeddable":true,"href":"https:\/\/tresorsdanna.com\/index.php\/wp-json\/wp\/v2\/media\/1117"}],"wp:attachment":[{"href":"https:\/\/tresorsdanna.com\/index.php\/wp-json\/wp\/v2\/media?parent=1116"}],"wp:term":[{"taxonomy":"product_brand","embeddable":true,"href":"https:\/\/tresorsdanna.com\/index.php\/wp-json\/wp\/v2\/product_brand?post=1116"},{"taxonomy":"product_cat","embeddable":true,"href":"https:\/\/tresorsdanna.com\/index.php\/wp-json\/wp\/v2\/product_cat?post=1116"},{"taxonomy":"product_tag","embeddable":true,"href":"https:\/\/tresorsdanna.com\/index.php\/wp-json\/wp\/v2\/product_tag?post=1116"}],"curies":[{"name":"wp","href":"https:\/\/api.w.org\/{rel}","templated":true}]}}