{"id":1113,"date":"2025-11-07T16:52:02","date_gmt":"2025-11-07T16:52:02","guid":{"rendered":"https:\/\/tresorsdanna.com\/?post_type=product&#038;p=1113"},"modified":"2025-11-21T15:29:22","modified_gmt":"2025-11-21T15:29:22","slug":"cardigan-blanc-absorba-nacre-maille-12-mois","status":"publish","type":"product","link":"https:\/\/tresorsdanna.com\/index.php\/produit\/cardigan-blanc-absorba-nacre-maille-12-mois\/","title":{"rendered":"Cardigan Blanc- Absorba- Nacr\u00e9- Maille-12 Mois"},"content":{"rendered":"<p>Ce cardigan sign\u00e9 Absorba blanc nacr\u00e9 en maille douce allie confort et \u00e9l\u00e9gance. Ses finitions soign\u00e9es et sa couleur nacr\u00e9e en font une pi\u00e8ce id\u00e9ale pour compl\u00e9ter les tenues de b\u00e9b\u00e9 au quotidien ou pour les sorties.<\/p>\n","protected":false},"excerpt":{"rendered":"<p>Cardigan Absorba- blanc nacr\u00e9- maille douce- chic et raffin\u00e9- boutonn\u00e9e devant- facile \u00e0 assortir- 12 mois<\/p>\n","protected":false},"featured_media":1114,"comment_status":"open","ping_status":"closed","template":"","meta":[],"product_brand":[],"product_cat":[36],"product_tag":[],"class_list":{"0":"post-1113","1":"product","2":"type-product","3":"status-publish","4":"has-post-thumbnail","6":"product_cat-doudounes-vestes-gilets","8":"first","9":"instock","10":"shipping-taxable","11":"purchasable","12":"product-type-simple"},"jetpack_sharing_enabled":true,"_links":{"self":[{"href":"https:\/\/tresorsdanna.com\/index.php\/wp-json\/wp\/v2\/product\/1113","targetHints":{"allow":["GET"]}}],"collection":[{"href":"https:\/\/tresorsdanna.com\/index.php\/wp-json\/wp\/v2\/product"}],"about":[{"href":"https:\/\/tresorsdanna.com\/index.php\/wp-json\/wp\/v2\/types\/product"}],"replies":[{"embeddable":true,"href":"https:\/\/tresorsdanna.com\/index.php\/wp-json\/wp\/v2\/comments?post=1113"}],"wp:featuredmedia":[{"embeddable":true,"href":"https:\/\/tresorsdanna.com\/index.php\/wp-json\/wp\/v2\/media\/1114"}],"wp:attachment":[{"href":"https:\/\/tresorsdanna.com\/index.php\/wp-json\/wp\/v2\/media?parent=1113"}],"wp:term":[{"taxonomy":"product_brand","embeddable":true,"href":"https:\/\/tresorsdanna.com\/index.php\/wp-json\/wp\/v2\/product_brand?post=1113"},{"taxonomy":"product_cat","embeddable":true,"href":"https:\/\/tresorsdanna.com\/index.php\/wp-json\/wp\/v2\/product_cat?post=1113"},{"taxonomy":"product_tag","embeddable":true,"href":"https:\/\/tresorsdanna.com\/index.php\/wp-json\/wp\/v2\/product_tag?post=1113"}],"curies":[{"name":"wp","href":"https:\/\/api.w.org\/{rel}","templated":true}]}}