{"id":1098,"date":"2025-11-07T10:41:05","date_gmt":"2025-11-07T10:41:05","guid":{"rendered":"https:\/\/tresorsdanna.com\/?post_type=product&#038;p=1098"},"modified":"2025-11-21T15:31:45","modified_gmt":"2025-11-21T15:31:45","slug":"doudoune-chipie-reversible-vert-rose-3-4-ans","status":"publish","type":"product","link":"https:\/\/tresorsdanna.com\/index.php\/produit\/doudoune-chipie-reversible-vert-rose-3-4-ans\/","title":{"rendered":"Doudoune-Chipie- R\u00e9versible- Vert- Rose- 3 \/ 4 ans"},"content":{"rendered":"<p>Jolie doudoune Chipie r\u00e9versible : une face verte et l&rsquo;autre rose fushia en tissu matelass\u00e9 ultra doux.\u00a0 A la fois chaude et styl\u00e9e. Parfaite pour les journ\u00e9es bien fra\u00eeches. Fermeture zipp\u00e9e. Dessins Chipie imprim\u00e9 sur les deux faces.\u00a0 Finitions soign\u00e9es, typique de la marque. L\u00e9g\u00e8re et bien isolante, elle offre confort, charme et douceur.<\/p>\n<p>composition: 92 % Polyester et 8% polyamide. Garnissage 100% polyester<\/p>\n","protected":false},"excerpt":{"rendered":"<p>Doudoune &#8211; Chipie- r\u00e9versible- elle offre deux styles en un- Petit dessin devant et dans le dos- douce, chaude et confortable-3 \/ 4 ans<\/p>\n","protected":false},"featured_media":1099,"comment_status":"open","ping_status":"closed","template":"","meta":[],"product_brand":[],"product_cat":[36],"product_tag":[],"class_list":{"0":"post-1098","1":"product","2":"type-product","3":"status-publish","4":"has-post-thumbnail","6":"product_cat-doudounes-vestes-gilets","8":"first","9":"instock","10":"shipping-taxable","11":"purchasable","12":"product-type-simple"},"jetpack_sharing_enabled":true,"_links":{"self":[{"href":"https:\/\/tresorsdanna.com\/index.php\/wp-json\/wp\/v2\/product\/1098","targetHints":{"allow":["GET"]}}],"collection":[{"href":"https:\/\/tresorsdanna.com\/index.php\/wp-json\/wp\/v2\/product"}],"about":[{"href":"https:\/\/tresorsdanna.com\/index.php\/wp-json\/wp\/v2\/types\/product"}],"replies":[{"embeddable":true,"href":"https:\/\/tresorsdanna.com\/index.php\/wp-json\/wp\/v2\/comments?post=1098"}],"wp:featuredmedia":[{"embeddable":true,"href":"https:\/\/tresorsdanna.com\/index.php\/wp-json\/wp\/v2\/media\/1099"}],"wp:attachment":[{"href":"https:\/\/tresorsdanna.com\/index.php\/wp-json\/wp\/v2\/media?parent=1098"}],"wp:term":[{"taxonomy":"product_brand","embeddable":true,"href":"https:\/\/tresorsdanna.com\/index.php\/wp-json\/wp\/v2\/product_brand?post=1098"},{"taxonomy":"product_cat","embeddable":true,"href":"https:\/\/tresorsdanna.com\/index.php\/wp-json\/wp\/v2\/product_cat?post=1098"},{"taxonomy":"product_tag","embeddable":true,"href":"https:\/\/tresorsdanna.com\/index.php\/wp-json\/wp\/v2\/product_tag?post=1098"}],"curies":[{"name":"wp","href":"https:\/\/api.w.org\/{rel}","templated":true}]}}