{"id":1084,"date":"2025-11-06T20:16:23","date_gmt":"2025-11-06T20:16:23","guid":{"rendered":"https:\/\/tresorsdanna.com\/?post_type=product&#038;p=1084"},"modified":"2025-11-14T13:53:41","modified_gmt":"2025-11-14T13:53:41","slug":"pyjamas-deno-haut-gris-bas-noir-4ans","status":"publish","type":"product","link":"https:\/\/tresorsdanna.com\/index.php\/produit\/pyjamas-deno-haut-gris-bas-noir-4ans\/","title":{"rendered":"Pyjamas-DENO-Haut Gris- Bas Noir- 4ans"},"content":{"rendered":"<p>Joli pyjama\u00a0 pour filles de 4 ans.\u00a0 Confectionn\u00e9 dans un m\u00e9lange de 92% coton et de 8% d&rsquo;\u00e9lasthanne pour une bonne tenue. Compos\u00e9 d&rsquo;un haut gris d\u00e9cor\u00e9 d&rsquo;une jolie t\u00eate de paon rose et noir. Le bas se termine par un petit volant en tulle noir pour une touche raffin\u00e9e et originale. Bas noir assorti agr\u00e9ment\u00e9 de deux petits n\u0153uds rouges au bas des jambes. Ensemble doux, respirant, extensible et confortable. Finitions de qualit\u00e9.<\/p>\n","protected":false},"excerpt":{"rendered":"<p>Pyjama gris et noir en coton stretch- sign\u00e9 DENO- tr\u00e8s belle qualit\u00e9- 4ans<\/p>\n","protected":false},"featured_media":1085,"comment_status":"open","ping_status":"closed","template":"","meta":[],"product_brand":[],"product_cat":[34],"product_tag":[],"class_list":{"0":"post-1084","1":"product","2":"type-product","3":"status-publish","4":"has-post-thumbnail","6":"product_cat-pyjamas","8":"first","9":"instock","10":"shipping-taxable","11":"purchasable","12":"product-type-simple"},"jetpack_sharing_enabled":true,"_links":{"self":[{"href":"https:\/\/tresorsdanna.com\/index.php\/wp-json\/wp\/v2\/product\/1084","targetHints":{"allow":["GET"]}}],"collection":[{"href":"https:\/\/tresorsdanna.com\/index.php\/wp-json\/wp\/v2\/product"}],"about":[{"href":"https:\/\/tresorsdanna.com\/index.php\/wp-json\/wp\/v2\/types\/product"}],"replies":[{"embeddable":true,"href":"https:\/\/tresorsdanna.com\/index.php\/wp-json\/wp\/v2\/comments?post=1084"}],"wp:featuredmedia":[{"embeddable":true,"href":"https:\/\/tresorsdanna.com\/index.php\/wp-json\/wp\/v2\/media\/1085"}],"wp:attachment":[{"href":"https:\/\/tresorsdanna.com\/index.php\/wp-json\/wp\/v2\/media?parent=1084"}],"wp:term":[{"taxonomy":"product_brand","embeddable":true,"href":"https:\/\/tresorsdanna.com\/index.php\/wp-json\/wp\/v2\/product_brand?post=1084"},{"taxonomy":"product_cat","embeddable":true,"href":"https:\/\/tresorsdanna.com\/index.php\/wp-json\/wp\/v2\/product_cat?post=1084"},{"taxonomy":"product_tag","embeddable":true,"href":"https:\/\/tresorsdanna.com\/index.php\/wp-json\/wp\/v2\/product_tag?post=1084"}],"curies":[{"name":"wp","href":"https:\/\/api.w.org\/{rel}","templated":true}]}}