{"id":1080,"date":"2025-11-06T19:47:44","date_gmt":"2025-11-06T19:47:44","guid":{"rendered":"https:\/\/tresorsdanna.com\/?post_type=product&#038;p=1080"},"modified":"2025-11-14T13:54:09","modified_gmt":"2025-11-14T13:54:09","slug":"pyjamas-mushi-haut-marine-et-rose-7-ans","status":"publish","type":"product","link":"https:\/\/tresorsdanna.com\/index.php\/produit\/pyjamas-mushi-haut-marine-et-rose-7-ans\/","title":{"rendered":"Pyjamas-MUSHI- Haut Marine et Rose- 7 ans"},"content":{"rendered":"<p>Pyjama MUSHI doux et souple compos\u00e9 d&rsquo;un haut marine \u00e0 inscription &lsquo;Princess shoes&rsquo; rose et jaune, et d&rsquo;un bas rose assorti.\u00a0 En 92% coton et 8% \u00e9lasthanne pour un confort id\u00e9al et une bonne libert\u00e9 de mouvement. Un bel ensemble de qualit\u00e9 durable, tr\u00e8s agr\u00e9able \u00e0 porter.<\/p>\n<p>&nbsp;<\/p>\n","protected":false},"excerpt":{"rendered":"<p>Pyjama coton stretch- Haut marine orn\u00e9 d&rsquo;un dessin &lsquo;Princess shoes&rsquo;- bas rose- tr\u00e8s belle qualit\u00e9- 7 ans<\/p>\n","protected":false},"featured_media":1082,"comment_status":"open","ping_status":"closed","template":"","meta":[],"product_brand":[],"product_cat":[34],"product_tag":[],"class_list":{"0":"post-1080","1":"product","2":"type-product","3":"status-publish","4":"has-post-thumbnail","6":"product_cat-pyjamas","8":"first","9":"instock","10":"shipping-taxable","11":"purchasable","12":"product-type-simple"},"jetpack_sharing_enabled":true,"_links":{"self":[{"href":"https:\/\/tresorsdanna.com\/index.php\/wp-json\/wp\/v2\/product\/1080","targetHints":{"allow":["GET"]}}],"collection":[{"href":"https:\/\/tresorsdanna.com\/index.php\/wp-json\/wp\/v2\/product"}],"about":[{"href":"https:\/\/tresorsdanna.com\/index.php\/wp-json\/wp\/v2\/types\/product"}],"replies":[{"embeddable":true,"href":"https:\/\/tresorsdanna.com\/index.php\/wp-json\/wp\/v2\/comments?post=1080"}],"wp:featuredmedia":[{"embeddable":true,"href":"https:\/\/tresorsdanna.com\/index.php\/wp-json\/wp\/v2\/media\/1082"}],"wp:attachment":[{"href":"https:\/\/tresorsdanna.com\/index.php\/wp-json\/wp\/v2\/media?parent=1080"}],"wp:term":[{"taxonomy":"product_brand","embeddable":true,"href":"https:\/\/tresorsdanna.com\/index.php\/wp-json\/wp\/v2\/product_brand?post=1080"},{"taxonomy":"product_cat","embeddable":true,"href":"https:\/\/tresorsdanna.com\/index.php\/wp-json\/wp\/v2\/product_cat?post=1080"},{"taxonomy":"product_tag","embeddable":true,"href":"https:\/\/tresorsdanna.com\/index.php\/wp-json\/wp\/v2\/product_tag?post=1080"}],"curies":[{"name":"wp","href":"https:\/\/api.w.org\/{rel}","templated":true}]}}