{"id":1076,"date":"2025-11-06T19:19:12","date_gmt":"2025-11-06T19:19:12","guid":{"rendered":"https:\/\/tresorsdanna.com\/?post_type=product&#038;p=1076"},"modified":"2025-11-14T14:11:51","modified_gmt":"2025-11-14T14:11:51","slug":"pyjamas-mushi-haut-gris-avec-dessins-rock-star-bas-noir-7ans","status":"publish","type":"product","link":"https:\/\/tresorsdanna.com\/index.php\/produit\/pyjamas-mushi-haut-gris-avec-dessins-rock-star-bas-noir-7ans\/","title":{"rendered":"Pyjamas-MUSHI-Haut Gris avec Dessins Rock Star-Bas Noir &#8211; 7ans"},"content":{"rendered":"<p>Pyjama MUSHI au style moderne et plein d&rsquo;\u00e9nergie, compos\u00e9 d&rsquo;un haut gris avec impression Rock Star\u00a0 et d&rsquo;un bas noir orn\u00e9 de motifs d&rsquo; \u00e9clair. 60% coton, 35% polyester et 5% \u00e9lasthanne\u00a0 pour un toucher doux , une bonne tenue et un grand confort.\u00a0 Un ensemble agr\u00e9able \u00e0 porter \u00e0 la fois ludique et confortable. Tr\u00e8s bonne qualit\u00e9.<\/p>\n<p>&nbsp;<\/p>\n","protected":false},"excerpt":{"rendered":"<p>Pyjama- Rocker Boy-Gris et Noir &#8211; Doux et confortable- tr\u00e8s belle qualit\u00e9- 7 ans<\/p>\n","protected":false},"featured_media":1077,"comment_status":"open","ping_status":"closed","template":"","meta":[],"product_brand":[],"product_cat":[34],"product_tag":[],"class_list":{"0":"post-1076","1":"product","2":"type-product","3":"status-publish","4":"has-post-thumbnail","6":"product_cat-pyjamas","8":"first","9":"instock","10":"shipping-taxable","11":"purchasable","12":"product-type-simple"},"jetpack_sharing_enabled":true,"_links":{"self":[{"href":"https:\/\/tresorsdanna.com\/index.php\/wp-json\/wp\/v2\/product\/1076","targetHints":{"allow":["GET"]}}],"collection":[{"href":"https:\/\/tresorsdanna.com\/index.php\/wp-json\/wp\/v2\/product"}],"about":[{"href":"https:\/\/tresorsdanna.com\/index.php\/wp-json\/wp\/v2\/types\/product"}],"replies":[{"embeddable":true,"href":"https:\/\/tresorsdanna.com\/index.php\/wp-json\/wp\/v2\/comments?post=1076"}],"wp:featuredmedia":[{"embeddable":true,"href":"https:\/\/tresorsdanna.com\/index.php\/wp-json\/wp\/v2\/media\/1077"}],"wp:attachment":[{"href":"https:\/\/tresorsdanna.com\/index.php\/wp-json\/wp\/v2\/media?parent=1076"}],"wp:term":[{"taxonomy":"product_brand","embeddable":true,"href":"https:\/\/tresorsdanna.com\/index.php\/wp-json\/wp\/v2\/product_brand?post=1076"},{"taxonomy":"product_cat","embeddable":true,"href":"https:\/\/tresorsdanna.com\/index.php\/wp-json\/wp\/v2\/product_cat?post=1076"},{"taxonomy":"product_tag","embeddable":true,"href":"https:\/\/tresorsdanna.com\/index.php\/wp-json\/wp\/v2\/product_tag?post=1076"}],"curies":[{"name":"wp","href":"https:\/\/api.w.org\/{rel}","templated":true}]}}