{"id":1075,"date":"2025-11-06T17:22:31","date_gmt":"2025-11-06T17:22:31","guid":{"rendered":"https:\/\/tresorsdanna.com\/?post_type=product&#038;p=1075"},"modified":"2025-11-14T14:13:33","modified_gmt":"2025-11-14T14:13:33","slug":"pyjamas-haut-rouge-avec-dessins-bas-noir-8-ans","status":"publish","type":"product","link":"https:\/\/tresorsdanna.com\/index.php\/produit\/pyjamas-haut-rouge-avec-dessins-bas-noir-8-ans\/","title":{"rendered":"Pyjamas&#8211;Haut  Rouge avec Dessins-Bas Noir- 8 ans"},"content":{"rendered":"<p>Pyjama MUSHI compos\u00e9 d&rsquo;un haut rouge un peu long, orn\u00e9 de jolis dessins, noirs et argent et d&rsquo;un bas noir ajust\u00e9. En 100% coton, doux, respirant et agr\u00e9able \u00e0 porter. Il assure confort et libert\u00e9 de mouvements pendant le sommeil. Tr\u00e8s bonne qualit\u00e9.<\/p>\n<p>&nbsp;<\/p>\n","protected":false},"excerpt":{"rendered":"<p>Pyjama rouge en coton doux &#8211; Haut orn\u00e9 de dessins- bas noir- tr\u00e8s belle qualit\u00e9- 8 ans<\/p>\n","protected":false},"featured_media":1067,"comment_status":"open","ping_status":"closed","template":"","meta":[],"product_brand":[],"product_cat":[34],"product_tag":[],"class_list":{"0":"post-1075","1":"product","2":"type-product","3":"status-publish","4":"has-post-thumbnail","6":"product_cat-pyjamas","8":"first","9":"instock","10":"shipping-taxable","11":"purchasable","12":"product-type-simple"},"jetpack_sharing_enabled":true,"_links":{"self":[{"href":"https:\/\/tresorsdanna.com\/index.php\/wp-json\/wp\/v2\/product\/1075","targetHints":{"allow":["GET"]}}],"collection":[{"href":"https:\/\/tresorsdanna.com\/index.php\/wp-json\/wp\/v2\/product"}],"about":[{"href":"https:\/\/tresorsdanna.com\/index.php\/wp-json\/wp\/v2\/types\/product"}],"replies":[{"embeddable":true,"href":"https:\/\/tresorsdanna.com\/index.php\/wp-json\/wp\/v2\/comments?post=1075"}],"wp:featuredmedia":[{"embeddable":true,"href":"https:\/\/tresorsdanna.com\/index.php\/wp-json\/wp\/v2\/media\/1067"}],"wp:attachment":[{"href":"https:\/\/tresorsdanna.com\/index.php\/wp-json\/wp\/v2\/media?parent=1075"}],"wp:term":[{"taxonomy":"product_brand","embeddable":true,"href":"https:\/\/tresorsdanna.com\/index.php\/wp-json\/wp\/v2\/product_brand?post=1075"},{"taxonomy":"product_cat","embeddable":true,"href":"https:\/\/tresorsdanna.com\/index.php\/wp-json\/wp\/v2\/product_cat?post=1075"},{"taxonomy":"product_tag","embeddable":true,"href":"https:\/\/tresorsdanna.com\/index.php\/wp-json\/wp\/v2\/product_tag?post=1075"}],"curies":[{"name":"wp","href":"https:\/\/api.w.org\/{rel}","templated":true}]}}