{"id":1070,"date":"2025-11-06T13:52:59","date_gmt":"2025-11-06T13:52:59","guid":{"rendered":"https:\/\/tresorsdanna.com\/?post_type=product&#038;p=1070"},"modified":"2025-11-14T14:12:53","modified_gmt":"2025-11-14T14:12:53","slug":"pyjamas-mushi-haut-jaune-avec-dessins-bas-noir-5-ans","status":"publish","type":"product","link":"https:\/\/tresorsdanna.com\/index.php\/produit\/pyjamas-mushi-haut-jaune-avec-dessins-bas-noir-5-ans\/","title":{"rendered":"Pyjamas-MUSHI-Haut jaune avec Dessins-Bas Noir &#8211; 5 ans"},"content":{"rendered":"<p>Pyjama MUSHI compos\u00e9 d&rsquo;un haut jaune orn\u00e9 de jolis dessins\u00a0 et d&rsquo;un bas avec des \u00e9toiles\u00a0 ton sur ton. 100% coton, doux et respirant . Un ensemble agr\u00e9able \u00e0 porter \u00e0 la fois ludique et confortable. Tr\u00e8s bonne qualit\u00e9.<\/p>\n<p>&nbsp;<\/p>\n","protected":false},"excerpt":{"rendered":"<p>Pyjama en coton doux &#8211; Haut jaune\u00a0 orn\u00e9 de dessins- bas noir \u00e0 \u00e9toiles- tr\u00e8s belle qualit\u00e9- 5 ans<\/p>\n","protected":false},"featured_media":1071,"comment_status":"open","ping_status":"closed","template":"","meta":[],"product_brand":[],"product_cat":[34],"product_tag":[],"class_list":{"0":"post-1070","1":"product","2":"type-product","3":"status-publish","4":"has-post-thumbnail","6":"product_cat-pyjamas","8":"first","9":"instock","10":"shipping-taxable","11":"purchasable","12":"product-type-simple"},"jetpack_sharing_enabled":true,"_links":{"self":[{"href":"https:\/\/tresorsdanna.com\/index.php\/wp-json\/wp\/v2\/product\/1070","targetHints":{"allow":["GET"]}}],"collection":[{"href":"https:\/\/tresorsdanna.com\/index.php\/wp-json\/wp\/v2\/product"}],"about":[{"href":"https:\/\/tresorsdanna.com\/index.php\/wp-json\/wp\/v2\/types\/product"}],"replies":[{"embeddable":true,"href":"https:\/\/tresorsdanna.com\/index.php\/wp-json\/wp\/v2\/comments?post=1070"}],"wp:featuredmedia":[{"embeddable":true,"href":"https:\/\/tresorsdanna.com\/index.php\/wp-json\/wp\/v2\/media\/1071"}],"wp:attachment":[{"href":"https:\/\/tresorsdanna.com\/index.php\/wp-json\/wp\/v2\/media?parent=1070"}],"wp:term":[{"taxonomy":"product_brand","embeddable":true,"href":"https:\/\/tresorsdanna.com\/index.php\/wp-json\/wp\/v2\/product_brand?post=1070"},{"taxonomy":"product_cat","embeddable":true,"href":"https:\/\/tresorsdanna.com\/index.php\/wp-json\/wp\/v2\/product_cat?post=1070"},{"taxonomy":"product_tag","embeddable":true,"href":"https:\/\/tresorsdanna.com\/index.php\/wp-json\/wp\/v2\/product_tag?post=1070"}],"curies":[{"name":"wp","href":"https:\/\/api.w.org\/{rel}","templated":true}]}}