{"id":1062,"date":"2025-11-06T07:37:54","date_gmt":"2025-11-06T07:37:54","guid":{"rendered":"https:\/\/tresorsdanna.com\/?post_type=product&#038;p=1062"},"modified":"2025-11-14T13:57:44","modified_gmt":"2025-11-14T13:57:44","slug":"pyjamas-mushi-haut-avec-dessins-bas-noir-3-ans","status":"publish","type":"product","link":"https:\/\/tresorsdanna.com\/index.php\/produit\/pyjamas-mushi-haut-avec-dessins-bas-noir-3-ans\/","title":{"rendered":"Pyjamas-MUSHI-Haut avec Dessins-Bas Noir- 3 ans"},"content":{"rendered":"<p>Pyjama MUSHI compos\u00e9 d&rsquo;un haut vert orn\u00e9 d&rsquo;un z\u00e8bre et de gros pois roses rehauss\u00e9 d&rsquo;une encolure et de poignets jaunes, et d&rsquo;un bas noir uni. Cordon rose \u00e0 la taille. En 100% coton, doux, respirant et agr\u00e9able \u00e0 porter. Il assure confort et libert\u00e9 de mouvements pendant le sommeil. Tr\u00e8s bonne qualit\u00e9.<\/p>\n<p>&nbsp;<\/p>\n","protected":false},"excerpt":{"rendered":"<p>Pyjama\u00a0 en coton doux &#8211; Haut vert orn\u00e9 de dessins- bas noir- tr\u00e8s belle qualit\u00e9- 3 ans<\/p>\n","protected":false},"featured_media":1063,"comment_status":"open","ping_status":"closed","template":"","meta":[],"product_brand":[],"product_cat":[34],"product_tag":[],"class_list":{"0":"post-1062","1":"product","2":"type-product","3":"status-publish","4":"has-post-thumbnail","6":"product_cat-pyjamas","8":"first","9":"instock","10":"shipping-taxable","11":"purchasable","12":"product-type-simple"},"jetpack_sharing_enabled":true,"_links":{"self":[{"href":"https:\/\/tresorsdanna.com\/index.php\/wp-json\/wp\/v2\/product\/1062","targetHints":{"allow":["GET"]}}],"collection":[{"href":"https:\/\/tresorsdanna.com\/index.php\/wp-json\/wp\/v2\/product"}],"about":[{"href":"https:\/\/tresorsdanna.com\/index.php\/wp-json\/wp\/v2\/types\/product"}],"replies":[{"embeddable":true,"href":"https:\/\/tresorsdanna.com\/index.php\/wp-json\/wp\/v2\/comments?post=1062"}],"wp:featuredmedia":[{"embeddable":true,"href":"https:\/\/tresorsdanna.com\/index.php\/wp-json\/wp\/v2\/media\/1063"}],"wp:attachment":[{"href":"https:\/\/tresorsdanna.com\/index.php\/wp-json\/wp\/v2\/media?parent=1062"}],"wp:term":[{"taxonomy":"product_brand","embeddable":true,"href":"https:\/\/tresorsdanna.com\/index.php\/wp-json\/wp\/v2\/product_brand?post=1062"},{"taxonomy":"product_cat","embeddable":true,"href":"https:\/\/tresorsdanna.com\/index.php\/wp-json\/wp\/v2\/product_cat?post=1062"},{"taxonomy":"product_tag","embeddable":true,"href":"https:\/\/tresorsdanna.com\/index.php\/wp-json\/wp\/v2\/product_tag?post=1062"}],"curies":[{"name":"wp","href":"https:\/\/api.w.org\/{rel}","templated":true}]}}