{"id":1059,"date":"2025-11-05T19:09:06","date_gmt":"2025-11-05T19:09:06","guid":{"rendered":"https:\/\/tresorsdanna.com\/?post_type=product&#038;p=1059"},"modified":"2025-11-14T13:56:51","modified_gmt":"2025-11-14T13:56:51","slug":"pyjamas-united-colors-of-benetton-rouge-haut-avec-dessins-blancs-7-8-ans","status":"publish","type":"product","link":"https:\/\/tresorsdanna.com\/index.php\/produit\/pyjamas-united-colors-of-benetton-rouge-haut-avec-dessins-blancs-7-8-ans\/","title":{"rendered":"Pyjamas-United Colors of Benetton-Rouge-Haut avec Dessins Blancs- 7 \/8 ans"},"content":{"rendered":"<p>Pyjama United Colors of Benetton. Coloris rouge en 100% coton, doux et respirant, orn\u00e9 de jolis dessins blancs sur le devant du haut. Confortable et l\u00e9ger; id\u00e9al pour des nuits paisibles et pleine de douceur<\/p>\n","protected":false},"excerpt":{"rendered":"<p>Pyjama rouge-dessins blancs sur le haut- 100% coton doux- tr\u00e8s belle qualit\u00e9- 7 \/8 ans<\/p>\n","protected":false},"featured_media":1060,"comment_status":"open","ping_status":"closed","template":"","meta":[],"product_brand":[],"product_cat":[34],"product_tag":[],"class_list":{"0":"post-1059","1":"product","2":"type-product","3":"status-publish","4":"has-post-thumbnail","6":"product_cat-pyjamas","8":"first","9":"instock","10":"shipping-taxable","11":"purchasable","12":"product-type-simple"},"jetpack_sharing_enabled":true,"_links":{"self":[{"href":"https:\/\/tresorsdanna.com\/index.php\/wp-json\/wp\/v2\/product\/1059","targetHints":{"allow":["GET"]}}],"collection":[{"href":"https:\/\/tresorsdanna.com\/index.php\/wp-json\/wp\/v2\/product"}],"about":[{"href":"https:\/\/tresorsdanna.com\/index.php\/wp-json\/wp\/v2\/types\/product"}],"replies":[{"embeddable":true,"href":"https:\/\/tresorsdanna.com\/index.php\/wp-json\/wp\/v2\/comments?post=1059"}],"wp:featuredmedia":[{"embeddable":true,"href":"https:\/\/tresorsdanna.com\/index.php\/wp-json\/wp\/v2\/media\/1060"}],"wp:attachment":[{"href":"https:\/\/tresorsdanna.com\/index.php\/wp-json\/wp\/v2\/media?parent=1059"}],"wp:term":[{"taxonomy":"product_brand","embeddable":true,"href":"https:\/\/tresorsdanna.com\/index.php\/wp-json\/wp\/v2\/product_brand?post=1059"},{"taxonomy":"product_cat","embeddable":true,"href":"https:\/\/tresorsdanna.com\/index.php\/wp-json\/wp\/v2\/product_cat?post=1059"},{"taxonomy":"product_tag","embeddable":true,"href":"https:\/\/tresorsdanna.com\/index.php\/wp-json\/wp\/v2\/product_tag?post=1059"}],"curies":[{"name":"wp","href":"https:\/\/api.w.org\/{rel}","templated":true}]}}