{"id":1056,"date":"2025-11-05T16:44:47","date_gmt":"2025-11-05T16:44:47","guid":{"rendered":"https:\/\/tresorsdanna.com\/?post_type=product&#038;p=1056"},"modified":"2025-11-14T13:56:25","modified_gmt":"2025-11-14T13:56:25","slug":"pyjamas-woody-haut-uni-avec-dessins-bas-raye-6-ans","status":"publish","type":"product","link":"https:\/\/tresorsdanna.com\/index.php\/produit\/pyjamas-woody-haut-uni-avec-dessins-bas-raye-6-ans\/","title":{"rendered":"Pyjamas-Woody-Haut Uni avec Dessins- Bas Ray\u00e9- 6 ans"},"content":{"rendered":"<p>Pyjama de tr\u00e8s belle qualit\u00e9 Woody, 100% coton. Bas \u00e0 rayures rouges, blanches et jaunes s&rsquo;accorde avec un haut uni bleu p\u00e9trole. Confortable et doux, parfait pour la nuit ou m\u00eame les jours en d\u00e9contract\u00e9. Confectionn\u00e9 dans un coton doux, respirant et agr\u00e9able sur la peau. Finitions de qualit\u00e9, typique de la marque Woody. Un ensemble \u00e0 la fois pratique et plein de style pour les nuits d&rsquo;hiver comme d&rsquo;\u00e9t\u00e9. Fabrication belge; finitions soign\u00e9es<\/p>\n","protected":false},"excerpt":{"rendered":"<p>Pyjama Woody- haut uni-bas\u00a0 \u00e0 rayures- 100% coton- tr\u00e8s belle qualit\u00e9- 6ans<\/p>\n","protected":false},"featured_media":1058,"comment_status":"open","ping_status":"closed","template":"","meta":[],"product_brand":[],"product_cat":[34],"product_tag":[],"class_list":{"0":"post-1056","1":"product","2":"type-product","3":"status-publish","4":"has-post-thumbnail","6":"product_cat-pyjamas","8":"first","9":"instock","10":"shipping-taxable","11":"purchasable","12":"product-type-simple"},"jetpack_sharing_enabled":true,"_links":{"self":[{"href":"https:\/\/tresorsdanna.com\/index.php\/wp-json\/wp\/v2\/product\/1056","targetHints":{"allow":["GET"]}}],"collection":[{"href":"https:\/\/tresorsdanna.com\/index.php\/wp-json\/wp\/v2\/product"}],"about":[{"href":"https:\/\/tresorsdanna.com\/index.php\/wp-json\/wp\/v2\/types\/product"}],"replies":[{"embeddable":true,"href":"https:\/\/tresorsdanna.com\/index.php\/wp-json\/wp\/v2\/comments?post=1056"}],"wp:featuredmedia":[{"embeddable":true,"href":"https:\/\/tresorsdanna.com\/index.php\/wp-json\/wp\/v2\/media\/1058"}],"wp:attachment":[{"href":"https:\/\/tresorsdanna.com\/index.php\/wp-json\/wp\/v2\/media?parent=1056"}],"wp:term":[{"taxonomy":"product_brand","embeddable":true,"href":"https:\/\/tresorsdanna.com\/index.php\/wp-json\/wp\/v2\/product_brand?post=1056"},{"taxonomy":"product_cat","embeddable":true,"href":"https:\/\/tresorsdanna.com\/index.php\/wp-json\/wp\/v2\/product_cat?post=1056"},{"taxonomy":"product_tag","embeddable":true,"href":"https:\/\/tresorsdanna.com\/index.php\/wp-json\/wp\/v2\/product_tag?post=1056"}],"curies":[{"name":"wp","href":"https:\/\/api.w.org\/{rel}","templated":true}]}}