{"id":1047,"date":"2025-11-10T09:28:42","date_gmt":"2025-11-10T09:28:42","guid":{"rendered":"https:\/\/tresorsdanna.com\/?post_type=product&#038;p=1047"},"modified":"2025-11-14T08:14:56","modified_gmt":"2025-11-14T08:14:56","slug":"pantalon-fluide-ikks-noir-4-ans","status":"publish","type":"product","link":"https:\/\/tresorsdanna.com\/index.php\/produit\/pantalon-fluide-ikks-noir-4-ans\/","title":{"rendered":"Pantalon Fluide- IKKS- Noir- 4 ans"},"content":{"rendered":"<p>Pantalon fluide IKKS noir; taille \u00e9lastiqu\u00e9 confortable. Poches lat\u00e9rales pratiques et bouton d\u00e9coratif \u00e0 l&rsquo;avant. Un joli ruban noir dor\u00e9 agr\u00e9mente les jambes sur le cot\u00e9 et\u00a0 ajoute une touche raffin\u00e9e. L\u00e9ger, souple et facile \u00e0 porter. Parfait pour un style chic au quotidien.<\/p>\n","protected":false},"excerpt":{"rendered":"<p>Pantalon fluide noir- marque IKKS-\u00a0 ruban d\u00e9coratif lat\u00e9ral- taille \u00e9lastiqu\u00e9- chic et confortable- 4 ans<\/p>\n","protected":false},"featured_media":1168,"comment_status":"open","ping_status":"closed","template":"","meta":[],"product_brand":[],"product_cat":[29],"product_tag":[],"class_list":{"0":"post-1047","1":"product","2":"type-product","3":"status-publish","4":"has-post-thumbnail","6":"product_cat-pantalons-filles","8":"first","9":"instock","10":"shipping-taxable","11":"purchasable","12":"product-type-simple"},"jetpack_sharing_enabled":true,"_links":{"self":[{"href":"https:\/\/tresorsdanna.com\/index.php\/wp-json\/wp\/v2\/product\/1047","targetHints":{"allow":["GET"]}}],"collection":[{"href":"https:\/\/tresorsdanna.com\/index.php\/wp-json\/wp\/v2\/product"}],"about":[{"href":"https:\/\/tresorsdanna.com\/index.php\/wp-json\/wp\/v2\/types\/product"}],"replies":[{"embeddable":true,"href":"https:\/\/tresorsdanna.com\/index.php\/wp-json\/wp\/v2\/comments?post=1047"}],"wp:featuredmedia":[{"embeddable":true,"href":"https:\/\/tresorsdanna.com\/index.php\/wp-json\/wp\/v2\/media\/1168"}],"wp:attachment":[{"href":"https:\/\/tresorsdanna.com\/index.php\/wp-json\/wp\/v2\/media?parent=1047"}],"wp:term":[{"taxonomy":"product_brand","embeddable":true,"href":"https:\/\/tresorsdanna.com\/index.php\/wp-json\/wp\/v2\/product_brand?post=1047"},{"taxonomy":"product_cat","embeddable":true,"href":"https:\/\/tresorsdanna.com\/index.php\/wp-json\/wp\/v2\/product_cat?post=1047"},{"taxonomy":"product_tag","embeddable":true,"href":"https:\/\/tresorsdanna.com\/index.php\/wp-json\/wp\/v2\/product_tag?post=1047"}],"curies":[{"name":"wp","href":"https:\/\/api.w.org\/{rel}","templated":true}]}}