{"id":1042,"date":"2025-11-05T16:26:21","date_gmt":"2025-11-05T16:26:21","guid":{"rendered":"https:\/\/tresorsdanna.com\/?post_type=product&#038;p=1042"},"modified":"2025-11-14T13:59:42","modified_gmt":"2025-11-14T13:59:42","slug":"pyjamas-woody-raye-multicolore-bas-marine-6-ans","status":"publish","type":"product","link":"https:\/\/tresorsdanna.com\/index.php\/produit\/pyjamas-woody-raye-multicolore-bas-marine-6-ans\/","title":{"rendered":"Pyjamas-Woody-Ray\u00e9 Multicolore- Bas Marine- 4 ans"},"content":{"rendered":"<p>Beau pyjama Woody\u00a0 pour enfants de 6 ans. Haut \u00e0 rayures multicolore et bas marine. Confectionn\u00e9 dans un coton doux, respirant et agr\u00e9able sur la peau. Finitions de qualit\u00e9, typique de la marque Woody. Un ensemble \u00e0 la fois pratique et plein de style pour les nuits d&rsquo;hiver comme d&rsquo;\u00e9t\u00e9<\/p>\n","protected":false},"excerpt":{"rendered":"<p>Pyjama Woody-6 ans -haut \u00e0 rayures. Bas uni marine- 100% coton- tr\u00e8s belle qualit\u00e9- 4ans<\/p>\n","protected":false},"featured_media":1052,"comment_status":"open","ping_status":"closed","template":"","meta":[],"product_brand":[],"product_cat":[34],"product_tag":[],"class_list":{"0":"post-1042","1":"product","2":"type-product","3":"status-publish","4":"has-post-thumbnail","6":"product_cat-pyjamas","8":"first","9":"instock","10":"shipping-taxable","11":"purchasable","12":"product-type-simple"},"jetpack_sharing_enabled":true,"_links":{"self":[{"href":"https:\/\/tresorsdanna.com\/index.php\/wp-json\/wp\/v2\/product\/1042","targetHints":{"allow":["GET"]}}],"collection":[{"href":"https:\/\/tresorsdanna.com\/index.php\/wp-json\/wp\/v2\/product"}],"about":[{"href":"https:\/\/tresorsdanna.com\/index.php\/wp-json\/wp\/v2\/types\/product"}],"replies":[{"embeddable":true,"href":"https:\/\/tresorsdanna.com\/index.php\/wp-json\/wp\/v2\/comments?post=1042"}],"wp:featuredmedia":[{"embeddable":true,"href":"https:\/\/tresorsdanna.com\/index.php\/wp-json\/wp\/v2\/media\/1052"}],"wp:attachment":[{"href":"https:\/\/tresorsdanna.com\/index.php\/wp-json\/wp\/v2\/media?parent=1042"}],"wp:term":[{"taxonomy":"product_brand","embeddable":true,"href":"https:\/\/tresorsdanna.com\/index.php\/wp-json\/wp\/v2\/product_brand?post=1042"},{"taxonomy":"product_cat","embeddable":true,"href":"https:\/\/tresorsdanna.com\/index.php\/wp-json\/wp\/v2\/product_cat?post=1042"},{"taxonomy":"product_tag","embeddable":true,"href":"https:\/\/tresorsdanna.com\/index.php\/wp-json\/wp\/v2\/product_tag?post=1042"}],"curies":[{"name":"wp","href":"https:\/\/api.w.org\/{rel}","templated":true}]}}