{"id":1031,"date":"2025-11-04T13:31:38","date_gmt":"2025-11-04T13:31:38","guid":{"rendered":"https:\/\/tresorsdanna.com\/?post_type=product&#038;p=1031"},"modified":"2025-11-14T14:14:55","modified_gmt":"2025-11-14T14:14:55","slug":"t-shirt-disney-star-wars-marine-5-ans","status":"publish","type":"product","link":"https:\/\/tresorsdanna.com\/index.php\/produit\/t-shirt-disney-star-wars-marine-5-ans\/","title":{"rendered":"T-shirt-Disney Star Wars- Marine- 5 ans"},"content":{"rendered":"<p>Charmant T-shirt marine de la marque Disney, orn\u00e9 sur la poitrine d&rsquo;un dessin &lsquo;Star Wars &lsquo; entour\u00e9 d&rsquo;\u00e9toiles.\u00a0 L\u00e9ger et agr\u00e9able \u00e0 porter. Tissu doux et agr\u00e9able 100% coton. Parfait pour un look \u00e0 la fois simple et tendance<\/p>\n<p>&nbsp;<\/p>\n","protected":false},"excerpt":{"rendered":"<p>Charmant petit T-shirt- Disney &#8211; coton doux et respirant- couleur marine avec &lsquo; Star Wars&rsquo;\u00a0 dessin\u00e9 sur la poitrine- 5 ans<\/p>\n","protected":false},"featured_media":1032,"comment_status":"open","ping_status":"closed","template":"","meta":[],"product_brand":[],"product_cat":[38],"product_tag":[],"class_list":{"0":"post-1031","1":"product","2":"type-product","3":"status-publish","4":"has-post-thumbnail","6":"product_cat-haut-filles","8":"first","9":"instock","10":"shipping-taxable","11":"purchasable","12":"product-type-simple"},"jetpack_sharing_enabled":true,"_links":{"self":[{"href":"https:\/\/tresorsdanna.com\/index.php\/wp-json\/wp\/v2\/product\/1031","targetHints":{"allow":["GET"]}}],"collection":[{"href":"https:\/\/tresorsdanna.com\/index.php\/wp-json\/wp\/v2\/product"}],"about":[{"href":"https:\/\/tresorsdanna.com\/index.php\/wp-json\/wp\/v2\/types\/product"}],"replies":[{"embeddable":true,"href":"https:\/\/tresorsdanna.com\/index.php\/wp-json\/wp\/v2\/comments?post=1031"}],"wp:featuredmedia":[{"embeddable":true,"href":"https:\/\/tresorsdanna.com\/index.php\/wp-json\/wp\/v2\/media\/1032"}],"wp:attachment":[{"href":"https:\/\/tresorsdanna.com\/index.php\/wp-json\/wp\/v2\/media?parent=1031"}],"wp:term":[{"taxonomy":"product_brand","embeddable":true,"href":"https:\/\/tresorsdanna.com\/index.php\/wp-json\/wp\/v2\/product_brand?post=1031"},{"taxonomy":"product_cat","embeddable":true,"href":"https:\/\/tresorsdanna.com\/index.php\/wp-json\/wp\/v2\/product_cat?post=1031"},{"taxonomy":"product_tag","embeddable":true,"href":"https:\/\/tresorsdanna.com\/index.php\/wp-json\/wp\/v2\/product_tag?post=1031"}],"curies":[{"name":"wp","href":"https:\/\/api.w.org\/{rel}","templated":true}]}}